{"id":35692,"date":"2026-01-10T08:45:51","date_gmt":"2026-01-10T08:45:51","guid":{"rendered":"https:\/\/greenagritec.com\/product\/vevor-commercial-bubble-waffle-maker-1400w-egg-pancake-baker-machine-non-stick-stainless-steel-egg-bubble-puff-180-rotatable-temp-and-time-control-wooden-handle-for-restaurant-bakery-snack\/"},"modified":"2026-02-17T10:22:01","modified_gmt":"2026-02-17T10:22:01","slug":"gaufrier-a-bulles-commercial-vevor-machine-a-gaufres-oeuf-1400w-rotation-a-180","status":"publish","type":"product","link":"https:\/\/greenagritec.com\/es\/producto-2\/gaufrier-a-bulles-commercial-vevor-machine-a-gaufres-oeuf-1400w-rotation-a-180\/","title":{"rendered":"M\u00e1quina para hacer gofres de burbujas VEVOR, 1400 W, rotaci\u00f3n de 180\u00b0"},"content":{"rendered":"<p data-start=\"364\" data-end=\"677\">Le gaufrier \u00e0 bulles commercial VEVOR est une machine professionnelle \u00e0 gaufres \u0153uf con\u00e7ue pour les caf\u00e9s, les boulangeries, les snack-bars et les food trucks. Aliment\u00e9 par un syst\u00e8me de chauffage de 1400 W, il offre une cuisson rapide et uniforme, tandis que le design rotatif \u00e0 180\u00b0 garantit une texture et une couleur homog\u00e8nes des gaufres.<\/p>\n<p>Dot\u00e9 de commandes ind\u00e9pendantes de temp\u00e9rature et de minuterie, d&#8217;une surface de cuisson antiadh\u00e9sive et d&#8217;un corps en acier inoxydable durable, ce gaufrier \u00e0 bulles est id\u00e9al pour produire des gaufres \u0153uf croustillantes \u00e0 l&#8217;ext\u00e9rieur et moelleuses \u00e0 l&#8217;int\u00e9rieur avec des r\u00e9sultats constants.<\/p>\n<p>Caracter\u00edsticas principales<\/p>\n<p>Gaufrier \u00e0 bulles commercial<br \/>\nChauffage haute puissance de 1400 W<br \/>\nPlaques rotatives \u00e0 180\u00b0 pour une cuisson uniforme<br \/>\nContr\u00f4le ind\u00e9pendant de la temp\u00e9rature et de la minuterie<br \/>\nSurface de cuisson antiadh\u00e9sive<br \/>\nConstruction en acier inoxydable avec poign\u00e9e en bois<br \/>\nId\u00e9al pour les caf\u00e9s, boulangeries, snack-bars et food trucks<\/p>\n<p>Especificaciones<\/p>\n<p>Marca: VEVOR<br \/>\nType : Gaufrier \u00e0 bulles \/ gaufrier \u0153uf commercial<br \/>\nPuissance : 1400 W<br \/>\nRotation : 180\u00b0<br \/>\nContr\u00f4le : Temp\u00e9rature et minuterie<br \/>\nMat\u00e9riau : Acier inoxydable<br \/>\nApplication : Caf\u00e9, boulangerie, snack-bar, camion-resto<\/p>","protected":false},"excerpt":{"rendered":"<p>M\u00e1quina para hacer wafles de burbujas comercial de 1400 W con rotaci\u00f3n de 180\u00b0, placas antiadherentes y control de temperatura y temporizador.<\/p>","protected":false},"featured_media":35691,"comment_status":"open","ping_status":"closed","template":"","meta":[],"product_brand":[],"product_cat":[682,771,788,774],"product_tag":[],"class_list":{"0":"post-35692","1":"product","2":"type-product","3":"status-publish","4":"has-post-thumbnail","6":"product_cat-accessoires-de-cuisine-professionnels","7":"product_cat-appareils-de-cuisine-et-alimentaires","8":"product_cat-gaufrier","9":"product_cat-machines-a-pate-et-a-pain","11":"first","12":"instock","13":"taxable","14":"shipping-taxable","15":"purchasable","16":"product-type-simple"},"_links":{"self":[{"href":"https:\/\/greenagritec.com\/es\/wp-json\/wp\/v2\/product\/35692","targetHints":{"allow":["GET"]}}],"collection":[{"href":"https:\/\/greenagritec.com\/es\/wp-json\/wp\/v2\/product"}],"about":[{"href":"https:\/\/greenagritec.com\/es\/wp-json\/wp\/v2\/types\/product"}],"replies":[{"embeddable":true,"href":"https:\/\/greenagritec.com\/es\/wp-json\/wp\/v2\/comments?post=35692"}],"version-history":[{"count":3,"href":"https:\/\/greenagritec.com\/es\/wp-json\/wp\/v2\/product\/35692\/revisions"}],"predecessor-version":[{"id":37612,"href":"https:\/\/greenagritec.com\/es\/wp-json\/wp\/v2\/product\/35692\/revisions\/37612"}],"wp:featuredmedia":[{"embeddable":true,"href":"https:\/\/greenagritec.com\/es\/wp-json\/wp\/v2\/media\/35691"}],"wp:attachment":[{"href":"https:\/\/greenagritec.com\/es\/wp-json\/wp\/v2\/media?parent=35692"}],"wp:term":[{"taxonomy":"product_brand","embeddable":true,"href":"https:\/\/greenagritec.com\/es\/wp-json\/wp\/v2\/product_brand?post=35692"},{"taxonomy":"product_cat","embeddable":true,"href":"https:\/\/greenagritec.com\/es\/wp-json\/wp\/v2\/product_cat?post=35692"},{"taxonomy":"product_tag","embeddable":true,"href":"https:\/\/greenagritec.com\/es\/wp-json\/wp\/v2\/product_tag?post=35692"}],"curies":[{"name":"wp","href":"https:\/\/api.w.org\/{rel}","templated":true}]}}