{"id":35680,"date":"2026-01-10T08:45:25","date_gmt":"2026-01-10T08:45:25","guid":{"rendered":"https:\/\/greenagritec.com\/product\/vevor-commercial-waffle-maker-2pcs-rectangle-waffle-baker-machine-2000w-non-stick-stainless-steel-belgian-waffle-iron-with-temp-and-time-control-handle-for-restaurant-bakery-snack-bar-family\/"},"modified":"2026-02-17T10:21:15","modified_gmt":"2026-02-17T10:21:15","slug":"gaufrier-commercial-vevor-machine-a-gaufres-belge-rectangulaire-en-2-pieces-2000w-controle-de-temperature-et-minuterie","status":"publish","type":"product","link":"https:\/\/greenagritec.com\/es\/producto-2\/gaufrier-commercial-vevor-machine-a-gaufres-belge-rectangulaire-en-2-pieces-2000w-controle-de-temperature-et-minuterie\/","title":{"rendered":"M\u00e1quina para hacer gofres comerciales VEVOR: m\u00e1quina para hacer gofres belgas rectangulares de 2 piezas, 2000 W, control de temperatura y temporizador"},"content":{"rendered":"<p data-start=\"408\" data-end=\"773\">Le Gaufrier Commercial VEVOR 2000W est un gaufrier belge professionnel con\u00e7u pour une production rapide et constante dans les environnements commerciaux. \u00c9quip\u00e9 de deux plaques rectangulaires pour gaufres, de commandes ind\u00e9pendantes de temp\u00e9rature et de minuterie, et d\u2019un syst\u00e8me de chauffage puissant de 2000W, il garantit des gaufres uniform\u00e9ment cuites avec un ext\u00e9rieur croustillant et un int\u00e9rieur moelleux.<\/p>\n<p>Con\u00e7u avec un corps en acier inoxydable et des plaques de gaufre antiadh\u00e9sives, cet appareil est id\u00e9al pour les restaurants, boulangeries, bars \u00e0 snacks, caf\u00e9s, food trucks et services de petit-d\u00e9jeuner n\u00e9cessitant une production fiable et un contr\u00f4le pr\u00e9cis.<\/p>\n<p>Caracter\u00edsticas principales<\/p>\n<p>Gaufrier belge commercial<\/p>\n<p>2 plaques rectangulaires (2 pi\u00e8ces)<\/p>\n<p>Syst\u00e8me de chauffage haute puissance 2000W<\/p>\n<p>Control de temperatura ajustable<\/p>\n<p>Minuterie int\u00e9gr\u00e9e<\/p>\n<p>Plaques antiadh\u00e9sives<\/p>\n<p>Construcci\u00f3n de acero inoxidable<\/p>\n<p>Id\u00e9al pour les caf\u00e9s, boulangeries et bars \u00e0 snacks<\/p>\n<p>Especificaciones<\/p>\n<p>Marca: VEVOR<\/p>\n<p>Type : Gaufrier commercial<\/p>\n<p>Puissance : 2000W<\/p>\n<p>Type de gaufres : Gaufres belges rectangulaires<\/p>\n<p>Plaques : 2 pi\u00e8ces, antiadh\u00e9sives<\/p>\n<p>Mat\u00e9riau : Acier inoxydable Contr\u00f4les : Contr\u00f4le de la temp\u00e9rature et du minuteur Installation : Plan de travail Application : Restaurant, boulangerie, caf\u00e9, snack-bar, camion-restaurant<\/p>","protected":false},"excerpt":{"rendered":"<p>Gofrera belga profesional 2000W con doble placa rectangular, control de temperatura y temporizador.<\/p>","protected":false},"featured_media":35679,"comment_status":"open","ping_status":"closed","template":"","meta":[],"product_brand":[],"product_cat":[771,700,788],"product_tag":[],"class_list":{"0":"post-35680","1":"product","2":"type-product","3":"status-publish","4":"has-post-thumbnail","6":"product_cat-appareils-de-cuisine-et-alimentaires","7":"product_cat-appareils-de-transformation-des-aliments","8":"product_cat-gaufrier","10":"first","11":"instock","12":"taxable","13":"shipping-taxable","14":"purchasable","15":"product-type-simple"},"_links":{"self":[{"href":"https:\/\/greenagritec.com\/es\/wp-json\/wp\/v2\/product\/35680","targetHints":{"allow":["GET"]}}],"collection":[{"href":"https:\/\/greenagritec.com\/es\/wp-json\/wp\/v2\/product"}],"about":[{"href":"https:\/\/greenagritec.com\/es\/wp-json\/wp\/v2\/types\/product"}],"replies":[{"embeddable":true,"href":"https:\/\/greenagritec.com\/es\/wp-json\/wp\/v2\/comments?post=35680"}],"version-history":[{"count":3,"href":"https:\/\/greenagritec.com\/es\/wp-json\/wp\/v2\/product\/35680\/revisions"}],"predecessor-version":[{"id":37610,"href":"https:\/\/greenagritec.com\/es\/wp-json\/wp\/v2\/product\/35680\/revisions\/37610"}],"wp:featuredmedia":[{"embeddable":true,"href":"https:\/\/greenagritec.com\/es\/wp-json\/wp\/v2\/media\/35679"}],"wp:attachment":[{"href":"https:\/\/greenagritec.com\/es\/wp-json\/wp\/v2\/media?parent=35680"}],"wp:term":[{"taxonomy":"product_brand","embeddable":true,"href":"https:\/\/greenagritec.com\/es\/wp-json\/wp\/v2\/product_brand?post=35680"},{"taxonomy":"product_cat","embeddable":true,"href":"https:\/\/greenagritec.com\/es\/wp-json\/wp\/v2\/product_cat?post=35680"},{"taxonomy":"product_tag","embeddable":true,"href":"https:\/\/greenagritec.com\/es\/wp-json\/wp\/v2\/product_tag?post=35680"}],"curies":[{"name":"wp","href":"https:\/\/api.w.org\/{rel}","templated":true}]}}