{"id":35570,"date":"2026-01-10T08:27:22","date_gmt":"2026-01-10T08:27:22","guid":{"rendered":"https:\/\/greenagritec.com\/product\/vevor-snowflake-ice-machine-20kg-24h-snowflake-ice-maker-ice-shaver-machine-with-stainless-steel-blade-electric-snow-cone-maker-with-0-8l-tank-60s-fast-pre-cooling-for-home-small-gatherings\/"},"modified":"2026-02-17T09:59:08","modified_gmt":"2026-02-17T09:59:08","slug":"machine-a-glace-en-flocons-vevor-20kg-24h-machine-a-flocons-de-glace-machine-a-raper-la-glace-avec-lame-en-acier-inoxydable-machine-a-cone-de-neige-electrique-avec-reservoir-de-08l-pre-refroidis","status":"publish","type":"product","link":"https:\/\/greenagritec.com\/es\/producto-2\/machine-a-glace-en-flocons-vevor-20kg-24h-machine-a-flocons-de-glace-machine-a-raper-la-glace-avec-lame-en-acier-inoxydable-machine-a-cone-de-neige-electrique-avec-reservoir-de-08l-pre-refroidis\/","title":{"rendered":"M\u00e1quina de hielo en escamas VEVOR, 20 kg\/24 h, m\u00e1quina de hielo en escamas, m\u00e1quina de hielo con cuchilla de acero inoxidable, m\u00e1quina el\u00e9ctrica para hacer conos de nieve con tanque de 0,8 l, preenfriado r\u00e1pido en 60 segundos, para el hogar y peque\u00f1as reuniones."},"content":{"rendered":"<p data-start=\"387\" data-end=\"742\">La machine \u00e0 gla\u00e7ons flocon de neige VEVOR est une machine \u00e9lectrique compacte et efficace con\u00e7ue pour produire de la glace fine en flocons, id\u00e9ale pour les boissons, les desserts et la pr\u00e9sentation des aliments. Avec une capacit\u00e9 de production allant jusqu&#8217;\u00e0 20 kg sur 24 heures et un syst\u00e8me de pr\u00e9-refroidissement rapide de 60 secondes, elle garantit une production de glace rapide et fiable pour un usage domestique, les petits caf\u00e9s, les bars et les \u00e9v\u00e9nements.<\/p>\n<p>\u00c9quip\u00e9e d&#8217;une lame en acier inoxydable durable et d&#8217;un r\u00e9servoir d&#8217;eau de 0,8 L, cette machine fournit une glace moelleuse et homog\u00e8ne, parfaite pour les boules de neige glac\u00e9es, les cocktails, les pr\u00e9sentations de fruits de mer et les desserts frais.<\/p>\n<p>Caracter\u00edsticas principales<\/p>\n<p>Machine \u00e0 gla\u00e7ons flocon de neige \/ machine \u00e0 r\u00e2per la glace<\/p>\n<p>Production de glace : jusqu\u2019\u00e0 20 kg \/ 24H<\/p>\n<p>Pr\u00e9-refroidissement rapide : 60 secondes<\/p>\n<p>Lame en acier inoxydable pour une glace fine et uniforme<\/p>\n<p>R\u00e9servoir d&#8217;eau de 0,8 L<\/p>\n<p>Design \u00e9lectrique compact<\/p>\n<p>Id\u00e9al pour la maison, les petites r\u00e9unions et un usage commercial l\u00e9ger<\/p>\n<p>Especificaciones<\/p>\n<p>Marca: VEVOR<\/p>\n<p>Type : Machine \u00e0 gla\u00e7ons flocon de neige \/ R\u00e2pe \u00e0 glace \u00e9lectrique<\/p>\n<p>Production de glace : 20 kg \/ 24H<\/p>\n<p>Temps de pr\u00e9-refroidissement : 60 secondes<\/p>\n<p>Mat\u00e9riau de la lame : Acier inoxydable<\/p>\n<p>Capacit\u00e9 du r\u00e9servoir d&#8217;eau : 0,8 L<\/p>\n<p data-start=\"387\" data-end=\"742\">Fonctionnement : \u00c9lectrique Utilisation : Maison, caf\u00e9, bar, desserts et boissons<\/p>","protected":false},"excerpt":{"rendered":"<p data-start=\"1735\" data-end=\"1839\">Machine \u00e0 glace compacte en flocons produisant jusqu&#8217;\u00e0 20 kg\/jour avec pr\u00e9-refroidissement rapide et lame en acier inoxydable.<\/p>","protected":false},"featured_media":35569,"comment_status":"open","ping_status":"closed","template":"","meta":[],"product_brand":[],"product_cat":[771,700],"product_tag":[],"class_list":{"0":"post-35570","1":"product","2":"type-product","3":"status-publish","4":"has-post-thumbnail","6":"product_cat-appareils-de-cuisine-et-alimentaires","7":"product_cat-appareils-de-transformation-des-aliments","9":"first","10":"instock","11":"taxable","12":"shipping-taxable","13":"purchasable","14":"product-type-simple"},"_links":{"self":[{"href":"https:\/\/greenagritec.com\/es\/wp-json\/wp\/v2\/product\/35570","targetHints":{"allow":["GET"]}}],"collection":[{"href":"https:\/\/greenagritec.com\/es\/wp-json\/wp\/v2\/product"}],"about":[{"href":"https:\/\/greenagritec.com\/es\/wp-json\/wp\/v2\/types\/product"}],"replies":[{"embeddable":true,"href":"https:\/\/greenagritec.com\/es\/wp-json\/wp\/v2\/comments?post=35570"}],"version-history":[{"count":3,"href":"https:\/\/greenagritec.com\/es\/wp-json\/wp\/v2\/product\/35570\/revisions"}],"predecessor-version":[{"id":37592,"href":"https:\/\/greenagritec.com\/es\/wp-json\/wp\/v2\/product\/35570\/revisions\/37592"}],"wp:featuredmedia":[{"embeddable":true,"href":"https:\/\/greenagritec.com\/es\/wp-json\/wp\/v2\/media\/35569"}],"wp:attachment":[{"href":"https:\/\/greenagritec.com\/es\/wp-json\/wp\/v2\/media?parent=35570"}],"wp:term":[{"taxonomy":"product_brand","embeddable":true,"href":"https:\/\/greenagritec.com\/es\/wp-json\/wp\/v2\/product_brand?post=35570"},{"taxonomy":"product_cat","embeddable":true,"href":"https:\/\/greenagritec.com\/es\/wp-json\/wp\/v2\/product_cat?post=35570"},{"taxonomy":"product_tag","embeddable":true,"href":"https:\/\/greenagritec.com\/es\/wp-json\/wp\/v2\/product_tag?post=35570"}],"curies":[{"name":"wp","href":"https:\/\/api.w.org\/{rel}","templated":true}]}}