{"id":35414,"date":"2026-01-10T08:22:04","date_gmt":"2026-01-10T08:22:04","guid":{"rendered":"https:\/\/greenagritec.com\/product\/vevor-mechanics-tool-set-and-socket-set-450-pcs-6-4-9-5-and-12-7-mm-drive-deep-and-standard-sockets-sae-metric-mechanic-tool-kit-with-bits-wrenches-accessories-storage-case-with-orange-drawer\/"},"modified":"2026-02-17T11:49:34","modified_gmt":"2026-02-17T11:49:34","slug":"ensemble-doutils-mecaniques-et-jeu-de-douilles-vevor-450-pieces-sae-et-metrique-multi-empreinte-avec-boitier-de-rangement","status":"publish","type":"product","link":"https:\/\/greenagritec.com\/es\/producto-2\/ensemble-doutils-mecaniques-et-jeu-de-douilles-vevor-450-pieces-sae-et-metrique-multi-empreinte-avec-boitier-de-rangement\/","title":{"rendered":"Juego de herramientas mec\u00e1nicas y vasos VEVOR de 450 piezas, SAE y m\u00e9tricos, multiaccionamiento con estuche de almacenamiento."},"content":{"rendered":"<p data-start=\"166\" data-end=\"523\">Le jeu d&#8217;outils de m\u00e9canicien et jeu de douilles VEVOR (450 pi\u00e8ces) est un ensemble complet d&#8217;outils professionnels con\u00e7u pour le garage, l&#8217;atelier, la r\u00e9paration automobile et l&#8217;entretien DIY. Couvrant les normes SAE et m\u00e9triques, cet ensemble tout-en-un comprend des douilles profondes et standard, des embouts, des cl\u00e9s et des accessoires essentiels pour r\u00e9aliser une large gamme de travaux de fixation.<\/p>\n<p>Dot\u00e9 de plusieurs tailles de carr\u00e9 d&#8217;entra\u00eenement (6,4 mm \/ 9,5 mm \/ 12,7 mm), le kit s&#8217;adapte aux travaux de pr\u00e9cision l\u00e9gers ainsi qu&#8217;aux applications m\u00e9caniques plus lourdes. Tous les outils sont soigneusement rang\u00e9s dans une mallette de rangement durable avec un tiroir orange, garantissant un acc\u00e8s rapide, une portabilit\u00e9 et une organisation efficace de l&#8217;espace de travail.<\/p>\n<p>Caracter\u00edsticas principales<\/p>\n<p>Jeu complet de 450 pi\u00e8ces pour des applications polyvalentes<br \/>\nCouverture SAE &amp; m\u00e9trique pour une large compatibilit\u00e9<br \/>\nDouilles profondes et standard incluses<br \/>\nPlusieurs tailles de carr\u00e9 : 6,4 mm, 9,5 mm, 12,7 mm<br \/>\nComprend des embouts, cl\u00e9s et accessoires<br \/>\nMallette de rangement durable avec tiroir orange pour l&#8217;organisation<br \/>\nId\u00e9al pour le garage, l&#8217;atelier, l&#8217;automobile et les travaux DIY<\/p>\n<p data-start=\"166\" data-end=\"523\">Sp\u00e9cifications Nom du produit : Ensemble d&#8217;outils m\u00e9caniques et coffret de douilles VEVOR \u2013 450 pi\u00e8ces Marque : VEVOR Nombre total de pi\u00e8ces : 450 Normes : SAE &amp; m\u00e9trique Tailles de l&#8217;entra\u00eenement : 6,4 mm \/ 9,5 mm \/ 12,7 mm Types de douilles : Profondes &amp; standard Outils inclus : Douilles, embouts, cl\u00e9s, accessoires Rangement : Coffret rigide avec tiroir orange int\u00e9gr\u00e9 Application : R\u00e9paration automobile, garage, atelier, bricolage<\/p>","protected":false},"excerpt":{"rendered":"<p>Ensemble d&#8217;outils m\u00e9caniques SAE et m\u00e9triques de 450 pi\u00e8ces avec douilles multi-empreintes et mallette de rangement robuste pour usage professionnel.<\/p>","protected":false},"featured_media":35413,"comment_status":"open","ping_status":"closed","template":"","meta":[],"product_brand":[],"product_cat":[753,748],"product_tag":[],"class_list":{"0":"post-35414","1":"product","2":"type-product","3":"status-publish","4":"has-post-thumbnail","6":"product_cat-outils-de-garage","7":"product_cat-outils-pour-atelier-et-pneus","9":"first","10":"instock","11":"taxable","12":"shipping-taxable","13":"purchasable","14":"product-type-simple"},"_links":{"self":[{"href":"https:\/\/greenagritec.com\/es\/wp-json\/wp\/v2\/product\/35414","targetHints":{"allow":["GET"]}}],"collection":[{"href":"https:\/\/greenagritec.com\/es\/wp-json\/wp\/v2\/product"}],"about":[{"href":"https:\/\/greenagritec.com\/es\/wp-json\/wp\/v2\/types\/product"}],"replies":[{"embeddable":true,"href":"https:\/\/greenagritec.com\/es\/wp-json\/wp\/v2\/comments?post=35414"}],"version-history":[{"count":3,"href":"https:\/\/greenagritec.com\/es\/wp-json\/wp\/v2\/product\/35414\/revisions"}],"predecessor-version":[{"id":37667,"href":"https:\/\/greenagritec.com\/es\/wp-json\/wp\/v2\/product\/35414\/revisions\/37667"}],"wp:featuredmedia":[{"embeddable":true,"href":"https:\/\/greenagritec.com\/es\/wp-json\/wp\/v2\/media\/35413"}],"wp:attachment":[{"href":"https:\/\/greenagritec.com\/es\/wp-json\/wp\/v2\/media?parent=35414"}],"wp:term":[{"taxonomy":"product_brand","embeddable":true,"href":"https:\/\/greenagritec.com\/es\/wp-json\/wp\/v2\/product_brand?post=35414"},{"taxonomy":"product_cat","embeddable":true,"href":"https:\/\/greenagritec.com\/es\/wp-json\/wp\/v2\/product_cat?post=35414"},{"taxonomy":"product_tag","embeddable":true,"href":"https:\/\/greenagritec.com\/es\/wp-json\/wp\/v2\/product_tag?post=35414"}],"curies":[{"name":"wp","href":"https:\/\/api.w.org\/{rel}","templated":true}]}}