{"id":35292,"date":"2026-01-10T08:17:58","date_gmt":"2026-01-10T08:17:58","guid":{"rendered":"https:\/\/greenagritec.com\/product\/vevor-fuel-caddy-16-gallon-portable-fuel-tank-with-12v-dc-2-5-gpm-electric-fuel-transfer-pump-4-ft-delivery-hose-auto-stop-sensor-nozzle-tank-adapters-suitable-for-diesel-gasoline-red\/"},"modified":"2026-02-17T11:41:38","modified_gmt":"2026-02-17T11:41:38","slug":"vevor-fuel-caddy-reservoir-de-carburant-portable-de-16-gallons-avec-pompe-de-transfert-electrique-12v","status":"publish","type":"product","link":"https:\/\/greenagritec.com\/es\/producto-2\/vevor-fuel-caddy-reservoir-de-carburant-portable-de-16-gallons-avec-pompe-de-transfert-electrique-12v\/","title":{"rendered":"VEVOR Fuel Caddy, tanque de combustible port\u00e1til de 16 galones con bomba de transferencia el\u00e9ctrica de 12 V."},"content":{"rendered":"<p data-start=\"1184\" data-end=\"1495\">Le VEVOR Fuel Caddy est un r\u00e9servoir de carburant portable de 16 gallons con\u00e7u pour un transfert de carburant s\u00fbr et efficace dans les garages, ateliers, exploitations agricoles et environnements ext\u00e9rieurs. \u00c9quip\u00e9 d&#8217;une pompe de transfert de carburant \u00e9lectrique 12V DC d\u00e9livrant jusqu&#8217;\u00e0 2,5 GPM, ce Fuel Caddy permet un remplissage rapide et contr\u00f4l\u00e9 du diesel et de l&#8217;essence.<\/p>\n<p>Livr\u00e9 avec un tuyau de distribution de 4 pieds, une buse \u00e0 capteur avec arr\u00eat automatique et des adaptateurs de r\u00e9servoir, ce r\u00e9servoir de carburant portable garantit un ravitaillement propre et sans \u00e9claboussures. Sa construction durable et son design mobile le rendent id\u00e9al pour le ravitaillement de v\u00e9hicules, machines et \u00e9quipements sur site.<\/p>\n<p>Principales Caract\u00e9ristiques<\/p>\n<p>Fuel Caddy portable de 16 gallons<\/p>\n<p>Pompe de transfert de carburant \u00e9lectrique 12V DC (2,5 GPM)<\/p>\n<p>Convient pour le diesel et l&#8217;essence<\/p>\n<p>Buse \u00e0 capteur avec arr\u00eat automatique pour pr\u00e9venir les \u00e9claboussures<\/p>\n<p>Tuyau de distribution de 4 pieds inclus<\/p>\n<p>Livr\u00e9 avec des adaptateurs de r\u00e9servoir<\/p>\n<p>Id\u00e9al pour une utilisation en garage, atelier et exploitation agricole<\/p>\n<p>Especificaciones<\/p>\n<p>Nom du Produit : VEVOR Fuel Caddy<\/p>\n<p>Marca: VEVOR<\/p>\n<p>Capacit\u00e9 du R\u00e9servoir : 16 gallons<\/p>\n<p>Type de Pompe : Pompe \u00e0 carburant \u00e9lectrique 12V DC<\/p>\n<p>D\u00e9bit : 2,5 GPM<\/p>\n<p>Type de carburant : Diesel et essence Longueur du tuyau : 1,2 m Couleur : Rouge Application : Transfert de carburant, \u00e9quipement de ravitaillement<\/p>","protected":false},"excerpt":{"rendered":"<p data-start=\"2438\" data-end=\"2557\">Caddy de carburant portable de 16 gallons avec pompe \u00e9lectrique 12V, pistolet \u00e0 arr\u00eat automatique et tuyau pour un transfert s\u00fbr de diesel et d&#8217;essence.<\/p>","protected":false},"featured_media":35291,"comment_status":"open","ping_status":"closed","template":"","meta":[],"product_brand":[],"product_cat":[748,753],"product_tag":[],"class_list":{"0":"post-35292","1":"product","2":"type-product","3":"status-publish","4":"has-post-thumbnail","6":"product_cat-outils-pour-atelier-et-pneus","7":"product_cat-outils-de-garage","9":"first","10":"instock","11":"taxable","12":"shipping-taxable","13":"purchasable","14":"product-type-simple"},"_links":{"self":[{"href":"https:\/\/greenagritec.com\/es\/wp-json\/wp\/v2\/product\/35292","targetHints":{"allow":["GET"]}}],"collection":[{"href":"https:\/\/greenagritec.com\/es\/wp-json\/wp\/v2\/product"}],"about":[{"href":"https:\/\/greenagritec.com\/es\/wp-json\/wp\/v2\/types\/product"}],"replies":[{"embeddable":true,"href":"https:\/\/greenagritec.com\/es\/wp-json\/wp\/v2\/comments?post=35292"}],"version-history":[{"count":3,"href":"https:\/\/greenagritec.com\/es\/wp-json\/wp\/v2\/product\/35292\/revisions"}],"predecessor-version":[{"id":37645,"href":"https:\/\/greenagritec.com\/es\/wp-json\/wp\/v2\/product\/35292\/revisions\/37645"}],"wp:featuredmedia":[{"embeddable":true,"href":"https:\/\/greenagritec.com\/es\/wp-json\/wp\/v2\/media\/35291"}],"wp:attachment":[{"href":"https:\/\/greenagritec.com\/es\/wp-json\/wp\/v2\/media?parent=35292"}],"wp:term":[{"taxonomy":"product_brand","embeddable":true,"href":"https:\/\/greenagritec.com\/es\/wp-json\/wp\/v2\/product_brand?post=35292"},{"taxonomy":"product_cat","embeddable":true,"href":"https:\/\/greenagritec.com\/es\/wp-json\/wp\/v2\/product_cat?post=35292"},{"taxonomy":"product_tag","embeddable":true,"href":"https:\/\/greenagritec.com\/es\/wp-json\/wp\/v2\/product_tag?post=35292"}],"curies":[{"name":"wp","href":"https:\/\/api.w.org\/{rel}","templated":true}]}}