{"id":35123,"date":"2026-01-10T08:08:30","date_gmt":"2026-01-10T08:08:30","guid":{"rendered":"https:\/\/greenagritec.com\/product\/vevor-time-clock-employee-attendance-machine-with-face-fingerprint-rfid-cards-and-pin-punching-in-one-standalone-biometric-time-clock-in-machine-for-employees-with-5-rfid-cards-no-monthly-fees\/"},"modified":"2026-02-17T12:02:59","modified_gmt":"2026-02-17T12:02:59","slug":"pointeuse-vevor-systeme-de-controle-biometrique-des-presences-des-employes-avec-reconnaissance-faciale-empreinte-digitale-rfid-et-code-pin","status":"publish","type":"product","link":"https:\/\/greenagritec.com\/es\/producto-2\/pointeuse-vevor-systeme-de-controle-biometrique-des-presences-des-employes-avec-reconnaissance-faciale-empreinte-digitale-rfid-et-code-pin\/","title":{"rendered":"Reloj de control de asistencia VEVOR, sistema biom\u00e9trico de control de asistencia de empleados con reconocimiento facial, huella dactilar, RFID y c\u00f3digo PIN."},"content":{"rendered":"<p>La pointeuse VEVOR est un syst\u00e8me de contr\u00f4le des pr\u00e9sences biom\u00e9trique autonome, con\u00e7u pour un suivi pr\u00e9cis et s\u00e9curis\u00e9 du temps de travail. Elle prend en charge plusieurs m\u00e9thodes d&#8217;authentification, notamment la reconnaissance faciale, la lecture d&#8217;empreintes digitales, les cartes RFID et la saisie d&#8217;un code PIN, le tout dans un seul appareil.<\/p>\n<p>Fournie avec cinq cartes RFID et sans abonnement, cette pointeuse est id\u00e9ale pour les petites entreprises, les ateliers, les bureaux et les entrep\u00f4ts \u00e0 la recherche d&#8217;une solution de gestion des pr\u00e9sences fiable et \u00e9conomique.<\/p>\n<p>Caracter\u00edsticas principales<\/p>\n<p>Pointeuse tout-en-un\u00a0: reconnaissance faciale, empreinte digitale, RFID et code PIN<\/p>\n<p>Fonctionnement autonome sans abonnement<br \/>\n5 cartes RFID incluses<\/p>\n<p>Suivi pr\u00e9cis du temps de travail des employ\u00e9s<br \/>\nInstallation facile et interface intuitive<\/p>\n<p>Id\u00e9ale pour les bureaux, les ateliers et les petites entreprises<\/p>\n<p>Especificaciones<\/p>\n<p>Nom du produit\u00a0: Pointeuse VEVOR<\/p>\n<p>Marca: VEVOR<\/p>\n<p>M\u00e9thodes d&#8217;authentification\u00a0: Reconnaissance faciale, empreinte digitale, carte RFID, code PIN<\/p>\n<p>Mode de fonctionnement\u00a0: Autonome<\/p>\n<p>Cartes RFID incluses\u00a0: 5<\/p>\n<p>Abonnement\u00a0: Aucun<\/p>\n<p>Application\u00a0: Gestion des pr\u00e9sences et suivi du temps de travail des employ\u00e9s<\/p>","protected":false},"excerpt":{"rendered":"<p>Reloj biom\u00e9trico aut\u00f3nomo con seguimiento de asistencia mediante reconocimiento facial, huella dactilar, RFID y c\u00f3digo PIN, suministrado con 5 tarjetas RFID y sin cuotas mensuales.<\/p>","protected":false},"featured_media":35122,"comment_status":"open","ping_status":"closed","template":"","meta":[],"product_brand":[],"product_cat":[758,760],"product_tag":[],"class_list":{"0":"post-35123","1":"product","2":"type-product","3":"status-publish","4":"has-post-thumbnail","6":"product_cat-equipement-industriel","7":"product_cat-equipement-datelier","9":"first","10":"instock","11":"taxable","12":"shipping-taxable","13":"purchasable","14":"product-type-simple"},"_links":{"self":[{"href":"https:\/\/greenagritec.com\/es\/wp-json\/wp\/v2\/product\/35123","targetHints":{"allow":["GET"]}}],"collection":[{"href":"https:\/\/greenagritec.com\/es\/wp-json\/wp\/v2\/product"}],"about":[{"href":"https:\/\/greenagritec.com\/es\/wp-json\/wp\/v2\/types\/product"}],"replies":[{"embeddable":true,"href":"https:\/\/greenagritec.com\/es\/wp-json\/wp\/v2\/comments?post=35123"}],"version-history":[{"count":3,"href":"https:\/\/greenagritec.com\/es\/wp-json\/wp\/v2\/product\/35123\/revisions"}],"predecessor-version":[{"id":37726,"href":"https:\/\/greenagritec.com\/es\/wp-json\/wp\/v2\/product\/35123\/revisions\/37726"}],"wp:featuredmedia":[{"embeddable":true,"href":"https:\/\/greenagritec.com\/es\/wp-json\/wp\/v2\/media\/35122"}],"wp:attachment":[{"href":"https:\/\/greenagritec.com\/es\/wp-json\/wp\/v2\/media?parent=35123"}],"wp:term":[{"taxonomy":"product_brand","embeddable":true,"href":"https:\/\/greenagritec.com\/es\/wp-json\/wp\/v2\/product_brand?post=35123"},{"taxonomy":"product_cat","embeddable":true,"href":"https:\/\/greenagritec.com\/es\/wp-json\/wp\/v2\/product_cat?post=35123"},{"taxonomy":"product_tag","embeddable":true,"href":"https:\/\/greenagritec.com\/es\/wp-json\/wp\/v2\/product_tag?post=35123"}],"curies":[{"name":"wp","href":"https:\/\/api.w.org\/{rel}","templated":true}]}}