{"id":35111,"date":"2026-01-10T08:08:03","date_gmt":"2026-01-10T08:08:03","guid":{"rendered":"https:\/\/greenagritec.com\/product\/vevor-money-counter-machine-bill-counter-with-uv-mg-ir-and-dd-counterfeit-detection-usd-eur-cash-counting-machine-with-large-lcd-external-display-for-small-business\/"},"modified":"2026-02-17T12:02:41","modified_gmt":"2026-02-17T12:02:41","slug":"compteuse-de-billets-vevor-avec-detection-uv-mg-ir-et-dd","status":"publish","type":"product","link":"https:\/\/greenagritec.com\/es\/producto-2\/compteuse-de-billets-vevor-avec-detection-uv-mg-ir-et-dd\/","title":{"rendered":"Contadora de billetes VEVOR con detecci\u00f3n UV, MG, IR y DD"},"content":{"rendered":"<p>La compteuse de billets VEVOR est une solution fiable con\u00e7ue pour les petites entreprises et les environnements professionnels. Compatible avec les devises USD et EUR, elle int\u00e8gre des technologies avanc\u00e9es de d\u00e9tection de faux billets (UV, MG, IR et DD) pour une gestion pr\u00e9cise et s\u00e9curis\u00e9e des esp\u00e8ces.<\/p>\n<p>Dot\u00e9e d&#8217;un grand \u00e9cran LCD et d&#8217;un afficheur externe, cette compteuse de billets assure un comptage rapide, pr\u00e9cis et s\u00fbr des billets pour les op\u00e9rations quotidiennes.<\/p>\n<p>Caracter\u00edsticas principales<\/p>\n<p>Compteuse de billets pour USD et EUR<\/p>\n<p>D\u00e9tection de faux billets (UV, MG, IR et DD)<\/p>\n<p>Grand \u00e9cran LCD principal<\/p>\n<p>Affichage externe inclus<\/p>\n<p>Comptage rapide et pr\u00e9cis des esp\u00e8ces<\/p>\n<p>Id\u00e9ale pour les petites entreprises et les bureaux<\/p>\n<p>Especificaciones<\/p>\n<p>Nom du produit\u00a0: Compteuse de billets VEVOR<\/p>\n<p>Marca: VEVOR<\/p>\n<p>Devises prises en charge\u00a0: USD, EUR<\/p>\n<p>M\u00e9thodes de d\u00e9tection\u00a0: UV, MG, IR, DD<\/p>\n<p>Affichage\u00a0: LCD + afficheur externe<\/p>\n<p>Utilisation\u00a0: Gestion des esp\u00e8ces, commerce de d\u00e9tail, bureaux<\/p>","protected":false},"excerpt":{"rendered":"<p data-start=\"2199\" data-end=\"2310\">Contadora de billetes con detecci\u00f3n de billetes falsos UV, MG, IR y DD para un conteo r\u00e1pido y seguro de efectivo en EUR y USD.<\/p>","protected":false},"featured_media":35110,"comment_status":"open","ping_status":"closed","template":"","meta":[],"product_brand":[],"product_cat":[758,759],"product_tag":[],"class_list":{"0":"post-35111","1":"product","2":"type-product","3":"status-publish","4":"has-post-thumbnail","6":"product_cat-equipement-industriel","7":"product_cat-machines-industrielles","9":"first","10":"instock","11":"taxable","12":"shipping-taxable","13":"purchasable","14":"product-type-simple"},"_links":{"self":[{"href":"https:\/\/greenagritec.com\/es\/wp-json\/wp\/v2\/product\/35111","targetHints":{"allow":["GET"]}}],"collection":[{"href":"https:\/\/greenagritec.com\/es\/wp-json\/wp\/v2\/product"}],"about":[{"href":"https:\/\/greenagritec.com\/es\/wp-json\/wp\/v2\/types\/product"}],"replies":[{"embeddable":true,"href":"https:\/\/greenagritec.com\/es\/wp-json\/wp\/v2\/comments?post=35111"}],"version-history":[{"count":3,"href":"https:\/\/greenagritec.com\/es\/wp-json\/wp\/v2\/product\/35111\/revisions"}],"predecessor-version":[{"id":37724,"href":"https:\/\/greenagritec.com\/es\/wp-json\/wp\/v2\/product\/35111\/revisions\/37724"}],"wp:featuredmedia":[{"embeddable":true,"href":"https:\/\/greenagritec.com\/es\/wp-json\/wp\/v2\/media\/35110"}],"wp:attachment":[{"href":"https:\/\/greenagritec.com\/es\/wp-json\/wp\/v2\/media?parent=35111"}],"wp:term":[{"taxonomy":"product_brand","embeddable":true,"href":"https:\/\/greenagritec.com\/es\/wp-json\/wp\/v2\/product_brand?post=35111"},{"taxonomy":"product_cat","embeddable":true,"href":"https:\/\/greenagritec.com\/es\/wp-json\/wp\/v2\/product_cat?post=35111"},{"taxonomy":"product_tag","embeddable":true,"href":"https:\/\/greenagritec.com\/es\/wp-json\/wp\/v2\/product_tag?post=35111"}],"curies":[{"name":"wp","href":"https:\/\/api.w.org\/{rel}","templated":true}]}}