{"id":34966,"date":"2026-01-10T08:02:57","date_gmt":"2026-01-10T08:02:57","guid":{"rendered":"https:\/\/greenagritec.com\/product\/vevor-pasta-attachment-for-kitchenaid-stand-mixer-3-in-1-stainless-steel-pasta-roller-cutter-set-including-pasta-sheet-roller-spaghetti-and-fettuccine-cutter-8-adjustable-thickness-knob-pasta-maker\/"},"modified":"2026-02-17T13:19:26","modified_gmt":"2026-02-17T13:19:26","slug":"accesorio-para-pasta-vevor-para-batidora-de-pie-kitchenaid-juego-de-rodillo-y-cortador-de-acero-inoxidable-3-en-1","status":"publish","type":"product","link":"https:\/\/greenagritec.com\/es\/producto-2\/accesorio-para-pasta-vevor-para-batidora-de-pie-kitchenaid-juego-de-rodillo-y-cortador-de-acero-inoxidable-3-en-1\/","title":{"rendered":"Accesorio para pasta VEVOR para robot de cocina KitchenAid - Juego 3 en 1 de rodillo y cortapastas de acero inoxidable"},"content":{"rendered":"<p>El accesorio para pasta 3 en 1 VEVOR para KitchenAid transforma tu batidora de pie en una estaci\u00f3n profesional para preparar pasta. Este juego de acero inoxidable incluye un rodillo para pasta, un cortador de espaguetis y un cortador de fettuccine para obtener una pasta fresca y casera siempre perfecta.<\/p>\n<p>Gracias a su dial de ajuste de grosor de 8 niveles, permite un control preciso, desde pasta fina hasta pasta m\u00e1s gruesa. Fabricado en acero inoxidable apto para uso alimentario y dise\u00f1ado para batidoras de pedestal KitchenAid, este accesorio es ideal para cocineros caseros, peque\u00f1os restaurantes y amantes de la pasta que buscan fiabilidad y rapidez.<\/p>\n<p>Caracter\u00edsticas principales<\/p>\n<p>Accesorio 3 en 1 para batidoras de pie KitchenAid<\/p>\n<p>Incluye: rodillo para pasta + cortador de espaguetis + cortador de fettuccine<\/p>\n<p>8 niveles de grosor ajustables para pasta<\/p>\n<p>Construido en acero inoxidable de calidad alimentaria.<\/p>\n<p>Laminaci\u00f3n y corte suaves y consistentes<\/p>\n<p>F\u00e1cil instalaci\u00f3n y limpieza.<\/p>\n<p>Ideal para pastas caseras y comida r\u00e1pida.<\/p>\n<p>Especificaciones<\/p>\n<p>Marca: VEVOR<\/p>\n<p>Tipo: Accesorio cortador y rodillo de masa<\/p>\n<p>Compatibilidad: batidoras de pie KitchenAid<\/p>\n<p>Funciones: Laminar, cortar espaguetis y fettuccine.<\/p>\n<p>Niveles de grosor: 8 configuraciones<\/p>\n<p>Material: acero inoxidable<\/p>\n<p>Instalaci\u00f3n: Accesorio para batidora de pie<\/p>\n<p>Usos: Cocina casera, comida r\u00e1pida, elaboraci\u00f3n de pastas.<\/p>","protected":false},"excerpt":{"rendered":"<p>Accesorio para pasta 3 en 1 de acero inoxidable para KitchenAid con rodillo de grosor ajustable, cortador de espaguetis y cortador de fettuccine.<\/p>","protected":false},"featured_media":36983,"comment_status":"open","ping_status":"closed","template":"","meta":[],"product_brand":[],"product_cat":[771,774],"product_tag":[],"class_list":{"0":"post-34966","1":"product","2":"type-product","3":"status-publish","4":"has-post-thumbnail","6":"product_cat-appareils-de-cuisine-et-alimentaires","7":"product_cat-machines-a-pate-et-a-pain","9":"first","10":"instock","11":"taxable","12":"shipping-taxable","13":"purchasable","14":"product-type-simple"},"_links":{"self":[{"href":"https:\/\/greenagritec.com\/es\/wp-json\/wp\/v2\/product\/34966","targetHints":{"allow":["GET"]}}],"collection":[{"href":"https:\/\/greenagritec.com\/es\/wp-json\/wp\/v2\/product"}],"about":[{"href":"https:\/\/greenagritec.com\/es\/wp-json\/wp\/v2\/types\/product"}],"replies":[{"embeddable":true,"href":"https:\/\/greenagritec.com\/es\/wp-json\/wp\/v2\/comments?post=34966"}],"version-history":[{"count":3,"href":"https:\/\/greenagritec.com\/es\/wp-json\/wp\/v2\/product\/34966\/revisions"}],"predecessor-version":[{"id":37781,"href":"https:\/\/greenagritec.com\/es\/wp-json\/wp\/v2\/product\/34966\/revisions\/37781"}],"wp:featuredmedia":[{"embeddable":true,"href":"https:\/\/greenagritec.com\/es\/wp-json\/wp\/v2\/media\/36983"}],"wp:attachment":[{"href":"https:\/\/greenagritec.com\/es\/wp-json\/wp\/v2\/media?parent=34966"}],"wp:term":[{"taxonomy":"product_brand","embeddable":true,"href":"https:\/\/greenagritec.com\/es\/wp-json\/wp\/v2\/product_brand?post=34966"},{"taxonomy":"product_cat","embeddable":true,"href":"https:\/\/greenagritec.com\/es\/wp-json\/wp\/v2\/product_cat?post=34966"},{"taxonomy":"product_tag","embeddable":true,"href":"https:\/\/greenagritec.com\/es\/wp-json\/wp\/v2\/product_tag?post=34966"}],"curies":[{"name":"wp","href":"https:\/\/api.w.org\/{rel}","templated":true}]}}