{"id":34953,"date":"2026-01-10T07:49:11","date_gmt":"2026-01-10T07:49:11","guid":{"rendered":"https:\/\/greenagritec.com\/product\/vevor-pasta-attachment-for-kitchenaid-stand-mixer-stainless-steel-pasta-sheet-roller-attachment-pasta-maker-machine-accessory-with-8-adjustable-thickness-knob-kitchenaid-pasta-attachment-by-vevor\/"},"modified":"2026-02-17T13:19:11","modified_gmt":"2026-02-17T13:19:11","slug":"accessoire-a-pates-vevor-pour-robot-patissier-kitchenaid-rouleau-a-pates-en-acier-inoxydableaccessoire-a-pates-vevor-pour-robot-patissier-kitchenaid-rouleau-a-pates-en-acier-inoxydableaccessoire-a-p","status":"publish","type":"product","link":"https:\/\/greenagritec.com\/es\/producto-2\/accessoire-a-pates-vevor-pour-robot-patissier-kitchenaid-rouleau-a-pates-en-acier-inoxydableaccessoire-a-pates-vevor-pour-robot-patissier-kitchenaid-rouleau-a-pates-en-acier-inoxydableaccessoire-a-p\/","title":{"rendered":"Accesorio para pasta VEVOR para robot de cocina KitchenAid, rodillo para pasta de acero inoxidable"},"content":{"rendered":"<p>L&#8217;accessoire \u00e0 p\u00e2tes VEVOR pour robots p\u00e2tissiers KitchenAid est un laminoir en acier inoxydable con\u00e7u pour r\u00e9aliser facilement des p\u00e2tes fra\u00eeches maison. Gr\u00e2ce \u00e0 ses 8 r\u00e9glages d&#8217;\u00e9paisseur, cet accessoire permet un contr\u00f4le pr\u00e9cis de l&#8217;\u00e9paisseur de la p\u00e2te pour les feuilles de lasagnes, les raviolis et autres types de p\u00e2tes.<\/p>\n<p>Con\u00e7u pour durer et fonctionner en douceur, cet accessoire \u00e0 p\u00e2tes est compatible avec les robots p\u00e2tissiers KitchenAid et id\u00e9al pour les cuisines familiales et les passionn\u00e9s de p\u00e2tes.<\/p>\n<p>Caracter\u00edsticas principales<\/p>\n<p>Accessoire \u00e0 p\u00e2tes pour robots p\u00e2tissiers KitchenAid<\/p>\n<p>Construcci\u00f3n de acero inoxidable<\/p>\n<p>8 r\u00e9glages d&#8217;\u00e9paisseur<\/p>\n<p>Laminage de la p\u00e2te r\u00e9gulier et uniforme<\/p>\n<p>Facile \u00e0 installer et \u00e0 utiliser<\/p>\n<p>Id\u00e9al pour la pr\u00e9paration de p\u00e2tes maison<\/p>\n<p>Especificaciones<\/p>\n<p>Nom du produit\u00a0: Accessoire \u00e0 p\u00e2tes VEVOR pour KitchenAid<\/p>\n<p>Marca: VEVOR<\/p>\n<p>Material: acero inoxidable<\/p>\n<p>R\u00e9glages d&#8217;\u00e9paisseur\u00a0: 8 niveaux<\/p>\n<p>Compatibilidad: batidoras de pie KitchenAid<\/p>\n<p>Utilisation\u00a0: Fabrication de p\u00e2tes, laminage de la p\u00e2te<\/p>","protected":false},"excerpt":{"rendered":"<p>Accessoire pour laminoir \u00e0 p\u00e2tes en acier inoxydable avec 8 r\u00e9glages d&#8217;\u00e9paisseur pour robots p\u00e2tissiers KitchenAid.<\/p>","protected":false},"featured_media":36722,"comment_status":"open","ping_status":"closed","template":"","meta":[],"product_brand":[],"product_cat":[771,774],"product_tag":[],"class_list":{"0":"post-34953","1":"product","2":"type-product","3":"status-publish","4":"has-post-thumbnail","6":"product_cat-appareils-de-cuisine-et-alimentaires","7":"product_cat-machines-a-pate-et-a-pain","9":"first","10":"instock","11":"taxable","12":"shipping-taxable","13":"purchasable","14":"product-type-simple"},"_links":{"self":[{"href":"https:\/\/greenagritec.com\/es\/wp-json\/wp\/v2\/product\/34953","targetHints":{"allow":["GET"]}}],"collection":[{"href":"https:\/\/greenagritec.com\/es\/wp-json\/wp\/v2\/product"}],"about":[{"href":"https:\/\/greenagritec.com\/es\/wp-json\/wp\/v2\/types\/product"}],"replies":[{"embeddable":true,"href":"https:\/\/greenagritec.com\/es\/wp-json\/wp\/v2\/comments?post=34953"}],"version-history":[{"count":3,"href":"https:\/\/greenagritec.com\/es\/wp-json\/wp\/v2\/product\/34953\/revisions"}],"predecessor-version":[{"id":37779,"href":"https:\/\/greenagritec.com\/es\/wp-json\/wp\/v2\/product\/34953\/revisions\/37779"}],"wp:featuredmedia":[{"embeddable":true,"href":"https:\/\/greenagritec.com\/es\/wp-json\/wp\/v2\/media\/36722"}],"wp:attachment":[{"href":"https:\/\/greenagritec.com\/es\/wp-json\/wp\/v2\/media?parent=34953"}],"wp:term":[{"taxonomy":"product_brand","embeddable":true,"href":"https:\/\/greenagritec.com\/es\/wp-json\/wp\/v2\/product_brand?post=34953"},{"taxonomy":"product_cat","embeddable":true,"href":"https:\/\/greenagritec.com\/es\/wp-json\/wp\/v2\/product_cat?post=34953"},{"taxonomy":"product_tag","embeddable":true,"href":"https:\/\/greenagritec.com\/es\/wp-json\/wp\/v2\/product_tag?post=34953"}],"curies":[{"name":"wp","href":"https:\/\/api.w.org\/{rel}","templated":true}]}}