{"id":34833,"date":"2026-01-10T07:45:13","date_gmt":"2026-01-10T07:45:13","guid":{"rendered":"https:\/\/greenagritec.com\/product\/vevor-commercial-vegetable-fruit-chopper-3-8%e2%80%b3-blade-heavy-duty-professional-food-dicer-kattex-french-fry-cutter-onion-slicer-stainless-steel-for-tomato-peppers-potato-mushroom-sliver\/"},"modified":"2026-02-17T13:17:18","modified_gmt":"2026-02-17T13:17:18","slug":"hachoir-a-fruits-et-legumes-professionnel-vevor-coupe-legumes-robuste-a-lame-de-3-8%e2%80%b3-argente","status":"publish","type":"product","link":"https:\/\/greenagritec.com\/es\/producto-2\/hachoir-a-fruits-et-legumes-professionnel-vevor-coupe-legumes-robuste-a-lame-de-3-8%e2%80%b3-argente\/","title":{"rendered":"Picadora profesional de frutas y verduras VEVOR: cortadora de verduras resistente con cuchilla de 9,5 mm (plateada)"},"content":{"rendered":"<p>Le hachoir \u00e0 l\u00e9gumes et fruits professionnel VEVOR 3\/8\u2033 est un coupe-l\u00e9gumes manuel robuste, con\u00e7u pour une d\u00e9coupe rapide et uniforme dans les cuisines professionnelles. Dot\u00e9 d&#8217;une lame en acier inoxydable de 3\/8 de pouce, il permet d&#8217;obtenir des cubes de taille constante, id\u00e9aux pour les l\u00e9gumes et les fruits tels que les pommes de terre, les oignons, les tomates, les poivrons, les champignons, etc.<\/p>\n<p>Gr\u00e2ce \u00e0 sa structure robuste en acier inoxydable, ce hachoir professionnel garantit durabilit\u00e9, hygi\u00e8ne et efficacit\u00e9 aux restaurants, traiteurs, food trucks et cuisines commerciales souhaitant gagner du temps et am\u00e9liorer la r\u00e9gularit\u00e9 de leurs pr\u00e9parations.<\/p>\n<p>Caracter\u00edsticas principales<\/p>\n<p>Hachoir manuel professionnel pour fruits et l\u00e9gumes<\/p>\n<p>Lame de 9,5 mm pour une d\u00e9coupe uniforme<\/p>\n<p>Construcci\u00f3n robusta de acero inoxidable<\/p>\n<p>D\u00e9coupe rapide et homog\u00e8ne<\/p>\n<p>Id\u00e9al pour les pommes de terre, oignons, tomates, poivrons et champignons<\/p>\n<p>Facile \u00e0 utiliser et \u00e0 nettoyer<\/p>\n<p>Format compact pour plan de travail<\/p>\n<p>Convient aux restaurants, traiteurs et professionnels de la pr\u00e9paration culinaire<\/p>\n<p>Especificaciones<\/p>\n<p>Marca: VEVOR<\/p>\n<p>Type\u00a0: Hachoir professionnel pour fruits et l\u00e9gumes \/ Coupe-l\u00e9gumes<\/p>\n<p>Taille de la lame\u00a0: 9,5 mm<\/p>\n<p>Mat\u00e9riau de la lame\u00a0: Acier inoxydable<\/p>\n<p>Mat\u00e9riau du corps\u00a0: Acier inoxydable<\/p>\n<p>Fonctionnement\u00a0: Manuel<\/p>\n<p>Couleur\u00a0: Argent<\/p>\n<p>Installation\u00a0: Sur plan de travail<\/p>\n<p>Utilisation\u00a0: Restaurant, traiteur, food truck, cuisine professionnelle<\/p>","protected":false},"excerpt":{"rendered":"<p data-start=\"1877\" data-end=\"1987\">Picadora de frutas y verduras de uso comercial de alta resistencia con cuchilla de acero inoxidable de 3\/8\u2033 para una preparaci\u00f3n de alimentos r\u00e1pida y uniforme.<\/p>","protected":false},"featured_media":34832,"comment_status":"open","ping_status":"closed","template":"","meta":[],"product_brand":[],"product_cat":[682,771],"product_tag":[],"class_list":{"0":"post-34833","1":"product","2":"type-product","3":"status-publish","4":"has-post-thumbnail","6":"product_cat-accessoires-de-cuisine-professionnels","7":"product_cat-appareils-de-cuisine-et-alimentaires","9":"first","10":"instock","11":"taxable","12":"shipping-taxable","13":"purchasable","14":"product-type-simple"},"_links":{"self":[{"href":"https:\/\/greenagritec.com\/es\/wp-json\/wp\/v2\/product\/34833","targetHints":{"allow":["GET"]}}],"collection":[{"href":"https:\/\/greenagritec.com\/es\/wp-json\/wp\/v2\/product"}],"about":[{"href":"https:\/\/greenagritec.com\/es\/wp-json\/wp\/v2\/types\/product"}],"replies":[{"embeddable":true,"href":"https:\/\/greenagritec.com\/es\/wp-json\/wp\/v2\/comments?post=34833"}],"version-history":[{"count":3,"href":"https:\/\/greenagritec.com\/es\/wp-json\/wp\/v2\/product\/34833\/revisions"}],"predecessor-version":[{"id":37765,"href":"https:\/\/greenagritec.com\/es\/wp-json\/wp\/v2\/product\/34833\/revisions\/37765"}],"wp:featuredmedia":[{"embeddable":true,"href":"https:\/\/greenagritec.com\/es\/wp-json\/wp\/v2\/media\/34832"}],"wp:attachment":[{"href":"https:\/\/greenagritec.com\/es\/wp-json\/wp\/v2\/media?parent=34833"}],"wp:term":[{"taxonomy":"product_brand","embeddable":true,"href":"https:\/\/greenagritec.com\/es\/wp-json\/wp\/v2\/product_brand?post=34833"},{"taxonomy":"product_cat","embeddable":true,"href":"https:\/\/greenagritec.com\/es\/wp-json\/wp\/v2\/product_cat?post=34833"},{"taxonomy":"product_tag","embeddable":true,"href":"https:\/\/greenagritec.com\/es\/wp-json\/wp\/v2\/product_tag?post=34833"}],"curies":[{"name":"wp","href":"https:\/\/api.w.org\/{rel}","templated":true}]}}