{"id":34029,"date":"2026-01-10T06:31:23","date_gmt":"2026-01-10T06:31:23","guid":{"rendered":"https:\/\/greenagritec.com\/product\/vevor-2-1-gallon-air-compressor-1-2hp-2-2-cfm90psi-oil-free-air-compressor-tank-max-116psi-pressure-70-db-ultra-quiet-compressor-for-auto-repair-tire-inflation-spray-painting-woodwork-nailing\/"},"modified":"2026-02-17T15:35:26","modified_gmt":"2026-02-17T15:35:26","slug":"compresseur-dair-ultra-silencieux-vevor-21-gallons-12-cv-sans-huile-22-cfm-a-90-psi-70-db","status":"publish","type":"product","link":"https:\/\/greenagritec.com\/es\/producto-2\/compresseur-dair-ultra-silencieux-vevor-21-gallons-12-cv-sans-huile-22-cfm-a-90-psi-70-db\/","title":{"rendered":"Compresor de aire VEVOR ultrasilencioso de 2,1 galones - 1,2 CV sin aceite, 2,2 CFM a 90 PSI, 70 dB"},"content":{"rendered":"<p>Le compresseur d&#8217;air ultra-silencieux VEVOR de 8 litres est un mod\u00e8le compact, puissant et sans huile, con\u00e7u pour un fonctionnement silencieux et efficace lors de r\u00e9parations automobiles, du gonflage de pneus, de la peinture au pistolet et de petits travaux d&#8217;atelier. Son moteur de 1,2 CV fournit un d\u00e9bit d&#8217;air de 62 m\u00b3\/min \u00e0 6,2 bars (90 PSI) avec une pression maximale de 8 bars (116 PSI), tout en fonctionnant \u00e0 un niveau sonore de seulement 70 dB \u2013 id\u00e9al pour une utilisation en int\u00e9rieur o\u00f9 le silence est primordial.<\/p>\n<p>Gr\u00e2ce \u00e0 son r\u00e9servoir compact de 8 litres et \u00e0 sa conception portable, ce compresseur allie performance, portabilit\u00e9 et confort, ce qui le rend id\u00e9al pour les garages, les ateliers et les projets de bricolage.<\/p>\n<p>Caracter\u00edsticas principales<\/p>\n<p>Compresseur d&#8217;air sans huile ultra-silencieux (\u2248 70 dB)<\/p>\n<p>R\u00e9servoir de 8 litres (compact et portable)<\/p>\n<p>Moteur de 1,2 CV avec un d\u00e9bit d&#8217;air de 62 m\u00b3\/min \u00e0 6,2 bar<\/p>\n<p>Pression maximale\u00a0: 8 bar<\/p>\n<p>Performances stables pour le gonflage, les r\u00e9parations, la peinture et le clouage<\/p>\n<p>Conception sans huile\u00a0: entretien r\u00e9duit et air pur<\/p>\n<p>Conception portable et peu encombrante<\/p>\n<p>Id\u00e9al pour le garage, l&#8217;atelier automobile et le bricolage \u00e0 domicile<\/p>\n<p>Especificaciones<\/p>\n<p>Marca: VEVOR<\/p>\n<p>Type\u00a0: Compresseur d&#8217;air sans huile ultra-silencieux<\/p>\n<p>Capacit\u00e9 du r\u00e9servoir\u00a0: 8 litres<\/p>\n<p>Puissance du moteur\u00a0: 1,2 CV<\/p>\n<p>D\u00e9bit d&#8217;air\u00a0: 62 m\u00b3\/min \u00e0 6,2 bar<\/p>\n<p>Pression maximale\u00a0: 8 bar<\/p>\n<p>Niveau sonore\u00a0: ~70 dB<\/p>\n<p>Mat\u00e9riau du r\u00e9servoir\u00a0: Acier<\/p>\n<p>Installation\u00a0: Portable \/ sur pied<\/p>\n<p>Applications\u00a0: R\u00e9paration automobile, gonflage de pneus, peinture au pistolet, travail du bois<\/p>","protected":false},"excerpt":{"rendered":"<p>Compresseur d&#8217;air portable ultra-silencieux sans huile de 2,1 gallons avec moteur de 1,2 CV et pression maximale de 116 PSI \u2014 parfait pour une utilisation dans un garage ou un atelier.<\/p>","protected":false},"featured_media":37019,"comment_status":"open","ping_status":"closed","template":"","meta":[],"product_brand":[],"product_cat":[751,748],"product_tag":[],"class_list":{"0":"post-34029","1":"product","2":"type-product","3":"status-publish","4":"has-post-thumbnail","6":"product_cat-compresseurs-dair","7":"product_cat-outils-pour-atelier-et-pneus","9":"first","10":"instock","11":"taxable","12":"shipping-taxable","13":"purchasable","14":"product-type-simple"},"_links":{"self":[{"href":"https:\/\/greenagritec.com\/es\/wp-json\/wp\/v2\/product\/34029","targetHints":{"allow":["GET"]}}],"collection":[{"href":"https:\/\/greenagritec.com\/es\/wp-json\/wp\/v2\/product"}],"about":[{"href":"https:\/\/greenagritec.com\/es\/wp-json\/wp\/v2\/types\/product"}],"replies":[{"embeddable":true,"href":"https:\/\/greenagritec.com\/es\/wp-json\/wp\/v2\/comments?post=34029"}],"version-history":[{"count":3,"href":"https:\/\/greenagritec.com\/es\/wp-json\/wp\/v2\/product\/34029\/revisions"}],"predecessor-version":[{"id":37961,"href":"https:\/\/greenagritec.com\/es\/wp-json\/wp\/v2\/product\/34029\/revisions\/37961"}],"wp:featuredmedia":[{"embeddable":true,"href":"https:\/\/greenagritec.com\/es\/wp-json\/wp\/v2\/media\/37019"}],"wp:attachment":[{"href":"https:\/\/greenagritec.com\/es\/wp-json\/wp\/v2\/media?parent=34029"}],"wp:term":[{"taxonomy":"product_brand","embeddable":true,"href":"https:\/\/greenagritec.com\/es\/wp-json\/wp\/v2\/product_brand?post=34029"},{"taxonomy":"product_cat","embeddable":true,"href":"https:\/\/greenagritec.com\/es\/wp-json\/wp\/v2\/product_cat?post=34029"},{"taxonomy":"product_tag","embeddable":true,"href":"https:\/\/greenagritec.com\/es\/wp-json\/wp\/v2\/product_tag?post=34029"}],"curies":[{"name":"wp","href":"https:\/\/api.w.org\/{rel}","templated":true}]}}