{"id":33909,"date":"2026-01-10T06:27:12","date_gmt":"2026-01-10T06:27:12","guid":{"rendered":"https:\/\/greenagritec.com\/product\/vevor-electric-30-hot-dog-11-roller-grill-cooker-machine-backsplash-shelf-2-2kw\/"},"modified":"2026-02-25T09:31:35","modified_gmt":"2026-02-25T09:31:35","slug":"cuisiniere-electrique-vevor-pour-hot-dogs-30-hot-dogs-11-rouleaux-grille-pain-etagere-de-protection-22-kw","status":"publish","type":"product","link":"https:\/\/greenagritec.com\/es\/producto-2\/cuisiniere-electrique-vevor-pour-hot-dogs-30-hot-dogs-11-rouleaux-grille-pain-etagere-de-protection-22-kw\/","title":{"rendered":"Hornillo el\u00e9ctrico para perritos calientes, capacidad para 30 perritos calientes, 11 panecillos, tostadora, estante protector, 2,2 kW"},"content":{"rendered":"<p data-start=\"146\" data-end=\"289\">Cette cuisini\u00e8re \u00e9lectrique professionnelle pour hot-dogs permet de cuire jusqu\u2019\u00e0 30 hot-dogs simultan\u00e9ment gr\u00e2ce \u00e0 ses 11 rouleaux rotatifs.<\/p>\n<p data-start=\"291\" data-end=\"555\">Dot\u00e9e d\u2019une puissance de 2,2 kW, elle assure une chauffe rapide et homog\u00e8ne pour une cuisson r\u00e9guli\u00e8re. Son \u00e9tag\u00e8re de protection en verre prot\u00e8ge les aliments tout en offrant une pr\u00e9sentation attractive, id\u00e9ale pour snacks, friteries, food trucks et \u00e9v\u00e9nements.<\/p>\n<p data-start=\"557\" data-end=\"670\">Robuste et con\u00e7ue en acier inoxydable, elle est parfaitement adapt\u00e9e \u00e0 un usage intensif en milieu professionnel.<\/p>\n<hr data-start=\"672\" data-end=\"675\" \/>\n<h3 data-start=\"677\" data-end=\"711\">Caracter\u00edsticas principales<\/h3>\n<ul data-start=\"713\" data-end=\"999\">\n<li data-start=\"713\" data-end=\"747\">\n<p data-start=\"715\" data-end=\"747\">Capacit\u00e9 : jusqu\u2019\u00e0 30 hot-dogs<\/p>\n<\/li>\n<li data-start=\"748\" data-end=\"792\">\n<p data-start=\"750\" data-end=\"792\">11 rouleaux rotatifs en acier inoxydable<\/p>\n<\/li>\n<li data-start=\"793\" data-end=\"815\">\n<p data-start=\"795\" data-end=\"815\">Puissance : 2,2 kW<\/p>\n<\/li>\n<li data-start=\"816\" data-end=\"846\">\n<p data-start=\"818\" data-end=\"846\">Se calienta r\u00e1pida y uniformemente.<\/p>\n<\/li>\n<li data-start=\"847\" data-end=\"870\">\n<p data-start=\"849\" data-end=\"870\">Grille-pain int\u00e9gr\u00e9<\/p>\n<\/li>\n<li data-start=\"871\" data-end=\"921\">\n<p data-start=\"873\" data-end=\"921\">Protection vitr\u00e9e pour hygi\u00e8ne et pr\u00e9sentation<\/p>\n<\/li>\n<li data-start=\"922\" data-end=\"951\">\n<p data-start=\"924\" data-end=\"951\">Structure robuste en inox<\/p>\n<\/li>\n<li data-start=\"952\" data-end=\"999\">\n<p data-start=\"954\" data-end=\"999\">Id\u00e9ale pour snack-bars, foires, food trucks<\/p>\n<\/li>\n<\/ul>\n<hr data-start=\"1001\" data-end=\"1004\" \/>\n<h3 data-start=\"1006\" data-end=\"1037\">Especificaciones t\u00e9cnicas<\/h3>\n<p data-start=\"1039\" data-end=\"1109\">Nom du produit : Cuisini\u00e8re \u00e9lectrique professionnelle pour hot-dogs<\/p>\n<p data-start=\"1039\" data-end=\"1109\">Marque: VEVOR<\/p>\n<p data-start=\"1111\" data-end=\"1150\">Type : Appareil de cuisson \u00e0 rouleaux<\/p>\n<p data-start=\"1152\" data-end=\"1176\">Capacit\u00e9 : 30 hot-dogs<\/p>\n<p data-start=\"1178\" data-end=\"1203\">Nombre de rouleaux : 11<\/p>\n<p data-start=\"1205\" data-end=\"1225\">Puissance : 2,2 kW<\/p>\n<p data-start=\"1227\" data-end=\"1253\">Alimentation : 220\u2013240 V<\/p>\n<p data-start=\"1255\" data-end=\"1284\">Mat\u00e9riau : Acier inoxydable<\/p>\n<p data-start=\"1286\" data-end=\"1342\">Utilisation : Snack, restauration rapide, \u00e9v\u00e9nementiel<\/p>","protected":false},"excerpt":{"rendered":"<p>Hornillo el\u00e9ctrico profesional para perritos calientes con 11 rodillos giratorios y capacidad para hasta 30 unidades. Potencia de 2,2 kW, cocci\u00f3n r\u00e1pida y uniforme, ideal para bares, food trucks y restaurantes de comida r\u00e1pida.<\/p>","protected":false},"featured_media":33908,"comment_status":"open","ping_status":"closed","template":"","meta":[],"product_brand":[],"product_cat":[771,682,843],"product_tag":[],"class_list":{"0":"post-33909","1":"product","2":"type-product","3":"status-publish","4":"has-post-thumbnail","6":"product_cat-appareils-de-cuisine-et-alimentaires","7":"product_cat-accessoires-de-cuisine-professionnels","8":"product_cat-vevor","10":"first","11":"instock","12":"taxable","13":"shipping-taxable","14":"purchasable","15":"product-type-simple"},"_links":{"self":[{"href":"https:\/\/greenagritec.com\/es\/wp-json\/wp\/v2\/product\/33909","targetHints":{"allow":["GET"]}}],"collection":[{"href":"https:\/\/greenagritec.com\/es\/wp-json\/wp\/v2\/product"}],"about":[{"href":"https:\/\/greenagritec.com\/es\/wp-json\/wp\/v2\/types\/product"}],"replies":[{"embeddable":true,"href":"https:\/\/greenagritec.com\/es\/wp-json\/wp\/v2\/comments?post=33909"}],"version-history":[{"count":4,"href":"https:\/\/greenagritec.com\/es\/wp-json\/wp\/v2\/product\/33909\/revisions"}],"predecessor-version":[{"id":38353,"href":"https:\/\/greenagritec.com\/es\/wp-json\/wp\/v2\/product\/33909\/revisions\/38353"}],"wp:featuredmedia":[{"embeddable":true,"href":"https:\/\/greenagritec.com\/es\/wp-json\/wp\/v2\/media\/33908"}],"wp:attachment":[{"href":"https:\/\/greenagritec.com\/es\/wp-json\/wp\/v2\/media?parent=33909"}],"wp:term":[{"taxonomy":"product_brand","embeddable":true,"href":"https:\/\/greenagritec.com\/es\/wp-json\/wp\/v2\/product_brand?post=33909"},{"taxonomy":"product_cat","embeddable":true,"href":"https:\/\/greenagritec.com\/es\/wp-json\/wp\/v2\/product_cat?post=33909"},{"taxonomy":"product_tag","embeddable":true,"href":"https:\/\/greenagritec.com\/es\/wp-json\/wp\/v2\/product_tag?post=33909"}],"curies":[{"name":"wp","href":"https:\/\/api.w.org\/{rel}","templated":true}]}}