{"id":33557,"date":"2026-01-09T23:48:21","date_gmt":"2026-01-09T23:48:21","guid":{"rendered":"https:\/\/greenagritec.com\/product\/vevor-battery-powered-backpack-sprayer-16l-electric-lawn-sprayer-with-8-nozzles-2-telescopic-wands-90psi-adjustable-pressure-4-6-hour-runtime-yard-sprayers-for-lawn-and-garden\/"},"modified":"2026-02-17T16:03:25","modified_gmt":"2026-02-17T16:03:25","slug":"pulverisateur-dorsal-a-batterie-vevor-16-l-pulverisateur-electrique-pour-pelouse-et-jardin-90-psi","status":"publish","type":"product","link":"https:\/\/greenagritec.com\/es\/producto-2\/pulverisateur-dorsal-a-batterie-vevor-16-l-pulverisateur-electrique-pour-pelouse-et-jardin-90-psi\/","title":{"rendered":"Pulverizador de mochila a bater\u00eda VEVOR de 16 l: pulverizador el\u00e9ctrico para c\u00e9sped y jard\u00edn, 90 PSI"},"content":{"rendered":"<p>Le pulv\u00e9risateur dorsal \u00e0 batterie VEVOR est un pulv\u00e9risateur \u00e9lectrique haute performance con\u00e7u pour un entretien efficace des pelouses et des jardins. Dot\u00e9 d&#8217;un r\u00e9servoir de 16 litres et d&#8217;une pression r\u00e9glable jusqu&#8217;\u00e0 90 PSI, ce pulv\u00e9risateur sans fil assure une pulv\u00e9risation puissante et constante pour le jardinage, la lutte antiparasitaire et l&#8217;entretien ext\u00e9rieur.<\/p>\n<p>\u00c9quip\u00e9 de huit buses interchangeables et de deux lances t\u00e9lescopiques, ce pulv\u00e9risateur dorsal offre une grande flexibilit\u00e9 d&#8217;utilisation. Sa batterie longue dur\u00e9e offre une autonomie de 4 \u00e0 6 heures, id\u00e9ale pour une utilisation prolong\u00e9e dans le jardin.<\/p>\n<p>Caracter\u00edsticas principales<\/p>\n<p>Pulv\u00e9risateur \u00e0 dos sans fil de 16 L<\/p>\n<p>Pression r\u00e9glable jusqu&#8217;\u00e0 90 PSI<\/p>\n<p>Autonomie de 4 \u00e0 6 heures<\/p>\n<p>8 buses interchangeables incluses<\/p>\n<p>2 lances t\u00e9lescopiques fournies<\/p>\n<p>Dise\u00f1o ergon\u00f3mico para una comodidad \u00f3ptima durante un uso prolongado.<\/p>\n<p>Id\u00e9al pour l&#8217;entretien des pelouses, jardins et espaces verts<\/p>\n<p>Especificaciones<\/p>\n<p>Nombre del producto: Pulverizador de mochila inal\u00e1mbrico VEVOR<\/p>\n<p>Marca: VEVOR<br \/>\nCapacit\u00e9\u00a0: 16 litres<br \/>\nPression maximale\u00a0: 90 PSI<br \/>\nFuente de alimentaci\u00f3n: inal\u00e1mbrica<br \/>\nAutonomie\u00a0: 4 \u00e0 6 heures<br \/>\nAutobuses: 8 incluidos<br \/>\nLances\u00a0: 2 t\u00e9lescopiques<br \/>\nUtilisation\u00a0: Pulv\u00e9risation pour pelouses, jardins et espaces verts<\/p>","protected":false},"excerpt":{"rendered":"<p>El pulverizador de mochila a bater\u00eda VEVOR es un pulverizador el\u00e9ctrico de alto rendimiento dise\u00f1ado para un mantenimiento eficiente del c\u00e9sped y<\/p>","protected":false},"featured_media":33556,"comment_status":"open","ping_status":"closed","template":"","meta":[],"product_brand":[],"product_cat":[740,696],"product_tag":[],"class_list":{"0":"post-33557","1":"product","2":"type-product","3":"status-publish","4":"has-post-thumbnail","6":"product_cat-materiel-agricole-et-de-jardin","7":"product_cat-pulverisateurs","9":"first","10":"instock","11":"taxable","12":"shipping-taxable","13":"purchasable","14":"product-type-simple"},"_links":{"self":[{"href":"https:\/\/greenagritec.com\/es\/wp-json\/wp\/v2\/product\/33557","targetHints":{"allow":["GET"]}}],"collection":[{"href":"https:\/\/greenagritec.com\/es\/wp-json\/wp\/v2\/product"}],"about":[{"href":"https:\/\/greenagritec.com\/es\/wp-json\/wp\/v2\/types\/product"}],"replies":[{"embeddable":true,"href":"https:\/\/greenagritec.com\/es\/wp-json\/wp\/v2\/comments?post=33557"}],"version-history":[{"count":2,"href":"https:\/\/greenagritec.com\/es\/wp-json\/wp\/v2\/product\/33557\/revisions"}],"predecessor-version":[{"id":38061,"href":"https:\/\/greenagritec.com\/es\/wp-json\/wp\/v2\/product\/33557\/revisions\/38061"}],"wp:featuredmedia":[{"embeddable":true,"href":"https:\/\/greenagritec.com\/es\/wp-json\/wp\/v2\/media\/33556"}],"wp:attachment":[{"href":"https:\/\/greenagritec.com\/es\/wp-json\/wp\/v2\/media?parent=33557"}],"wp:term":[{"taxonomy":"product_brand","embeddable":true,"href":"https:\/\/greenagritec.com\/es\/wp-json\/wp\/v2\/product_brand?post=33557"},{"taxonomy":"product_cat","embeddable":true,"href":"https:\/\/greenagritec.com\/es\/wp-json\/wp\/v2\/product_cat?post=33557"},{"taxonomy":"product_tag","embeddable":true,"href":"https:\/\/greenagritec.com\/es\/wp-json\/wp\/v2\/product_tag?post=33557"}],"curies":[{"name":"wp","href":"https:\/\/api.w.org\/{rel}","templated":true}]}}