{"id":33531,"date":"2026-01-09T23:47:29","date_gmt":"2026-01-09T23:47:29","guid":{"rendered":"https:\/\/greenagritec.com\/product\/vevor-electric-scissor-jack-3t-12v-car-jack-with-3-5m-power-cable-tool-box-hand-crank-130-370mm-170-420mm-car-jack-for-cars-suvs-sedans-etc\/"},"modified":"2026-02-17T16:02:43","modified_gmt":"2026-02-17T16:02:43","slug":"cric-electrique-a-ciseaux-vevor-3-tonnes-cric-12-v-pour-voiture-avec-boite-a-outils-et-manivelle","status":"publish","type":"product","link":"https:\/\/greenagritec.com\/es\/producto-2\/cric-electrique-a-ciseaux-vevor-3-tonnes-cric-12-v-pour-voiture-avec-boite-a-outils-et-manivelle\/","title":{"rendered":"Gato de tijera el\u00e9ctrico VEVOR de 3 toneladas, gato para coche de 12 V con caja de herramientas y manivela"},"content":{"rendered":"<p>El gato el\u00e9ctrico de tijera VEVOR de 3 toneladas es un gato el\u00e9ctrico de 12 V compacto y fiable, dise\u00f1ado para elevar su veh\u00edculo de forma r\u00e1pida y segura para cambios de neum\u00e1ticos o emergencias en carretera. Incluye caja de herramientas y manivela, lo que garantiza un funcionamiento fiable incluso durante cortes de electricidad.<\/p>\n<p>Con su cable de alimentaci\u00f3n de 3,5 m y rango de elevaci\u00f3n ajustable, este gato es adecuado para autom\u00f3viles, sedanes y SUV, y ofrece una c\u00f3moda elevaci\u00f3n el\u00e9ctrica y una manivela de emergencia para mayor tranquilidad.<\/p>\n<p>Caracter\u00edsticas principales<\/p>\n<p>Gato de tijera el\u00e9ctrico de 3 toneladas (3 T)<\/p>\n<p>Fuente de alimentaci\u00f3n de 12 V para uso a bordo<\/p>\n<p>Manivela incluida (de respaldo)<\/p>\n<p>Caja de herramientas para un almacenamiento organizado<\/p>\n<p>Cable de alimentaci\u00f3n de 3,5 m para una f\u00e1cil conexi\u00f3n<\/p>\n<p>Altura de elevaci\u00f3n ajustable para coches y SUV.<\/p>\n<p>Dise\u00f1o compacto y port\u00e1til.<\/p>\n<p>Especificaciones<\/p>\n<p>Marca: VEVOR<\/p>\n<p>Tipo: Gato de tijera el\u00e9ctrico para coches<\/p>\n<p>Capacidad m\u00e1xima: 3 toneladas<\/p>\n<p>Fuente de alimentaci\u00f3n: 12 V<\/p>\n<p>Rango de elevaci\u00f3n: 130\u2013370 mm \/ 170\u2013420 mm<\/p>\n<p>Longitud del cable: 3,5 m<\/p>\n<p>Accesorios: Caja de herramientas, manivela<\/p>\n<p>Uso: Autom\u00f3viles, sedanes, SUV.<\/p>","protected":false},"excerpt":{"rendered":"<p>Gato de tijera el\u00e9ctrico de 3 toneladas y 12 V con caja de herramientas y manivela manual para cambios de neum\u00e1ticos de emergencia.<\/p>","protected":false},"featured_media":33530,"comment_status":"open","ping_status":"closed","template":"","meta":[],"product_brand":[],"product_cat":[752,748],"product_tag":[],"class_list":{"0":"post-33531","1":"product","2":"type-product","3":"status-publish","4":"has-post-thumbnail","6":"product_cat-crics-et-equipements-de-levage","7":"product_cat-outils-pour-atelier-et-pneus","9":"first","10":"instock","11":"taxable","12":"shipping-taxable","13":"purchasable","14":"product-type-simple"},"_links":{"self":[{"href":"https:\/\/greenagritec.com\/es\/wp-json\/wp\/v2\/product\/33531","targetHints":{"allow":["GET"]}}],"collection":[{"href":"https:\/\/greenagritec.com\/es\/wp-json\/wp\/v2\/product"}],"about":[{"href":"https:\/\/greenagritec.com\/es\/wp-json\/wp\/v2\/types\/product"}],"replies":[{"embeddable":true,"href":"https:\/\/greenagritec.com\/es\/wp-json\/wp\/v2\/comments?post=33531"}],"version-history":[{"count":2,"href":"https:\/\/greenagritec.com\/es\/wp-json\/wp\/v2\/product\/33531\/revisions"}],"predecessor-version":[{"id":38058,"href":"https:\/\/greenagritec.com\/es\/wp-json\/wp\/v2\/product\/33531\/revisions\/38058"}],"wp:featuredmedia":[{"embeddable":true,"href":"https:\/\/greenagritec.com\/es\/wp-json\/wp\/v2\/media\/33530"}],"wp:attachment":[{"href":"https:\/\/greenagritec.com\/es\/wp-json\/wp\/v2\/media?parent=33531"}],"wp:term":[{"taxonomy":"product_brand","embeddable":true,"href":"https:\/\/greenagritec.com\/es\/wp-json\/wp\/v2\/product_brand?post=33531"},{"taxonomy":"product_cat","embeddable":true,"href":"https:\/\/greenagritec.com\/es\/wp-json\/wp\/v2\/product_cat?post=33531"},{"taxonomy":"product_tag","embeddable":true,"href":"https:\/\/greenagritec.com\/es\/wp-json\/wp\/v2\/product_tag?post=33531"}],"curies":[{"name":"wp","href":"https:\/\/api.w.org\/{rel}","templated":true}]}}