{"id":4400,"date":"2021-10-12T15:51:09","date_gmt":"2021-10-12T15:51:09","guid":{"rendered":"http:\/\/dummy.xtemos.com\/woodmart2\/elementor\/?page_id=4400"},"modified":"2026-02-23T05:13:17","modified_gmt":"2026-02-23T05:13:17","slug":"a-propos-de-nous","status":"publish","type":"page","link":"https:\/\/greenagritec.com\/es\/a-propos-de-nous\/","title":{"rendered":"Qui\u00e9nes somos"},"content":{"rendered":"<div data-elementor-type=\"wp-page\" data-elementor-id=\"4400\" class=\"elementor elementor-4400\">\n\t\t\t\t\t\t<section class=\"elementor-section elementor-top-section elementor-element elementor-element-7818693c wd-section-stretch_row_content elementor-section-content-middle elementor-section-boxed elementor-section-height-default elementor-section-height-default\" data-id=\"7818693c\" data-element_type=\"section\" data-e-type=\"section\">\n\t\t\t\t\t\t<div class=\"elementor-container elementor-column-gap-default\">\n\t\t\t\t\t<div class=\"elementor-column elementor-col-50 elementor-top-column elementor-element elementor-element-5bc567f4\" data-id=\"5bc567f4\" data-element_type=\"column\" data-e-type=\"column\" data-settings=\"{&quot;background_background&quot;:&quot;classic&quot;}\">\n\t\t\t<div class=\"elementor-widget-wrap elementor-element-populated\">\n\t\t\t\t\t\t<div class=\"elementor-element elementor-element-496a56e wd-parallax-on-scroll wd_scroll_x_0 wd_scroll_y_-30 wd_scroll_z_0 elementor-widget__width-initial wd_scroll_smoothness_30 elementor-widget elementor-widget-wd_image_or_svg\" data-id=\"496a56e\" data-element_type=\"widget\" data-e-type=\"widget\" data-widget_type=\"wd_image_or_svg.default\">\n\t\t\t\t<div class=\"elementor-widget-container\">\n\t\t\t\t\t\n\t\t<div class=\"wd-image text-right\">\n\t\t\t\t\t\t\t\t<img fetchpriority=\"high\" decoding=\"async\" width=\"1536\" height=\"1024\" src=\"https:\/\/greenagritec.com\/wp-content\/uploads\/2025\/11\/image-9.png\" class=\"attachment-full size-full wp-image-18575\" alt=\"\" srcset=\"https:\/\/greenagritec.com\/wp-content\/uploads\/2025\/11\/image-9.png 1536w, https:\/\/greenagritec.com\/wp-content\/uploads\/2025\/11\/image-9-200x133.png 200w, https:\/\/greenagritec.com\/wp-content\/uploads\/2025\/11\/image-9-700x467.png 700w\" sizes=\"(max-width: 1536px) 100vw, 1536px\" \/>\t\t\t\t\t<\/div>\n\n\t\t\t\t\t\t<\/div>\n\t\t\t\t<\/div>\n\t\t\t\t\t<\/div>\n\t\t<\/div>\n\t\t\t\t<div class=\"elementor-column elementor-col-50 elementor-top-column elementor-element elementor-element-3c21a683\" data-id=\"3c21a683\" data-element_type=\"column\" data-e-type=\"column\">\n\t\t\t<div class=\"elementor-widget-wrap elementor-element-populated\">\n\t\t\t\t\t\t<div class=\"elementor-element elementor-element-32496f85 wd_scroll_y_20 wd-parallax-on-scroll wd_scroll_smoothness_30 elementor-widget elementor-widget-wd_title\" data-id=\"32496f85\" data-element_type=\"widget\" data-e-type=\"widget\" data-widget_type=\"wd_title.default\">\n\t\t\t\t<div class=\"elementor-widget-container\">\n\t\t\t\t\t\t\t<div class=\"title-wrapper set-mb-s reset-last-child wd-title-color-default wd-title-style-default wd-title-size-default text-left\">\n\n\t\t\t\n\t\t\t<div class=\"liner-continer\">\n\t\t\t\t<h4 class=\"woodmart-title-container title wd-fontsize-l\">ACERCA DE<i><strong> AGRICULTURA VERDE<\/strong><\/i><\/h4> \n\t\t\t\t\t\t\t<\/div>\n\n\t\t\t\t\t<\/div>\n\t\t\t\t\t\t<\/div>\n\t\t\t\t<\/div>\n\t\t\t\t<div class=\"elementor-element elementor-element-52e0aeaa wd-parallax-on-scroll wd_scroll_y_20 wd_scroll_smoothness_30 elementor-widget elementor-widget-wd_text_block\" data-id=\"52e0aeaa\" data-element_type=\"widget\" data-e-type=\"widget\" data-widget_type=\"wd_text_block.default\">\n\t\t\t\t<div class=\"elementor-widget-container\">\n\t\t\t\t\t\t\t<div class=\"wd-text-block reset-last-child text-left\">\n\t\t\t\n\t\t\t<p data-start=\"311\" data-end=\"618\">Bienvenido a Green Agritec, su socio de confianza para equipos agr\u00edcolas y de exterior innovadores. Nos comprometemos a proporcionar maquinaria fiable y de alto rendimiento, apoyando a agricultores, jardineros, contratistas y aficionados al bricolaje en Europa, \u00c1frica y m\u00e1s all\u00e1. Durante muchos a\u00f1os, nuestra misi\u00f3n ha sido simple: ofrecer calidad, durabilidad y un valor a\u00f1adido real, respaldados por un excelente servicio al cliente y soporte multiling\u00fce. Ya sea que trabaje la tierra, mantenga espacios verdes o aborde proyectos de bricolaje exigentes, Green Agritec le ofrece equipos que simplifican, agilizan y optimizan sus tareas.<\/p>\n\t\t\t\t\t<\/div>\n\t\t\t\t\t\t<\/div>\n\t\t\t\t<\/div>\n\t\t\t\t\t<\/div>\n\t\t<\/div>\n\t\t\t\t\t<\/div>\n\t\t<\/section>\n\t\t\t\t<section class=\"elementor-section elementor-top-section elementor-element elementor-element-78c45d49 wd-section-stretch_row_content elementor-section-content-middle elementor-reverse-tablet elementor-reverse-mobile elementor-section-boxed elementor-section-height-default elementor-section-height-default\" data-id=\"78c45d49\" data-element_type=\"section\" data-e-type=\"section\">\n\t\t\t\t\t\t<div class=\"elementor-container elementor-column-gap-default\">\n\t\t\t\t\t<div class=\"elementor-column elementor-col-50 elementor-top-column elementor-element elementor-element-3d956baf\" data-id=\"3d956baf\" data-element_type=\"column\" data-e-type=\"column\">\n\t\t\t<div class=\"elementor-widget-wrap elementor-element-populated\">\n\t\t\t\t\t\t<div class=\"elementor-element elementor-element-2df66d51 wd_scroll_y_20 wd-parallax-on-scroll wd_scroll_smoothness_30 elementor-widget elementor-widget-wd_title\" data-id=\"2df66d51\" data-element_type=\"widget\" data-e-type=\"widget\" data-widget_type=\"wd_title.default\">\n\t\t\t\t<div class=\"elementor-widget-container\">\n\t\t\t\t\t\t\t<div class=\"title-wrapper set-mb-s reset-last-child wd-title-color-default wd-title-style-default wd-title-size-default text-left\">\n\n\t\t\t\n\t\t\t<div class=\"liner-continer\">\n\t\t\t\t<h4 class=\"woodmart-title-container title wd-fontsize-l\">Lo que nosotros <i><strong>Perm\u00edtanos ofrecerle<\/strong><\/i><\/h4> \n\t\t\t\t\t\t\t<\/div>\n\n\t\t\t\t\t<\/div>\n\t\t\t\t\t\t<\/div>\n\t\t\t\t<\/div>\n\t\t\t\t<div class=\"elementor-element elementor-element-110b8065 wd-parallax-on-scroll wd_scroll_y_20 wd_scroll_smoothness_30 elementor-widget elementor-widget-wd_text_block\" data-id=\"110b8065\" data-element_type=\"widget\" data-e-type=\"widget\" data-widget_type=\"wd_text_block.default\">\n\t\t\t\t<div class=\"elementor-widget-container\">\n\t\t\t\t\t\t\t<div class=\"wd-text-block reset-last-child text-left\">\n\t\t\t\n\t\t\t<p data-start=\"809\" data-end=\"964\">Una amplia gama de m\u00e1quinas profesionales: desde maquinaria agr\u00edcola hasta herramientas de jardiner\u00eda, tecnolog\u00eda forestal, hidrolimpiadoras y equipos de bricolaje de calidad: todo lo que necesita, en un solo lugar.<br \/><br \/>Productos confiables y duraderos: Confiamos en marcas confiables y m\u00e1quinas de alta calidad dise\u00f1adas para un rendimiento duradero en condiciones de trabajo reales.<br \/><br \/>Soporte completo para sus m\u00e1quinas: Ofrecemos todos los repuestos y accesorios necesarios para mantener sus equipos en perfectas condiciones a\u00f1o tras a\u00f1o.<br \/><br \/>Recomendaciones de primer nivel: Nuestros productos m\u00e1s vendidos son recomendados por usuarios reales: agricultores, paisajistas, t\u00e9cnicos y propietarios de viviendas en toda Europa y \u00c1frica.<br \/><br \/>Asistencia experta: Nuestro equipo de soporte multiling\u00fce est\u00e1 disponible para brindar asesoramiento personalizado y un servicio al cliente integral.<br \/><br \/>Soluciones flexibles: Ya sea que compre m\u00e1quinas nuevas, usadas o alquile, Green Agritec se adapta a sus necesidades, desde peque\u00f1os proyectos dom\u00e9sticos hasta usos profesionales.<\/p>\n\t\t\t\t\t<\/div>\n\t\t\t\t\t\t<\/div>\n\t\t\t\t<\/div>\n\t\t\t\t\t<\/div>\n\t\t<\/div>\n\t\t\t\t<div class=\"elementor-column elementor-col-50 elementor-top-column elementor-element elementor-element-3773429c\" data-id=\"3773429c\" data-element_type=\"column\" data-e-type=\"column\" data-settings=\"{&quot;background_background&quot;:&quot;classic&quot;}\">\n\t\t\t<div class=\"elementor-widget-wrap elementor-element-populated\">\n\t\t\t\t\t\t<div class=\"elementor-element elementor-element-27479e2b wd-parallax-on-scroll wd_scroll_x_0 wd_scroll_y_-30 wd_scroll_z_0 elementor-widget__width-initial wd_scroll_smoothness_30 elementor-widget elementor-widget-wd_image_or_svg\" data-id=\"27479e2b\" data-element_type=\"widget\" data-e-type=\"widget\" data-widget_type=\"wd_image_or_svg.default\">\n\t\t\t\t<div class=\"elementor-widget-container\">\n\t\t\t\t\t\n\t\t<div class=\"wd-image text-right\">\n\t\t\t\t\t\t\t\t<img decoding=\"async\" width=\"1536\" height=\"1024\" src=\"https:\/\/greenagritec.com\/wp-content\/uploads\/2025\/11\/image-6-1.png\" class=\"attachment-full size-full wp-image-18574\" alt=\"\" srcset=\"https:\/\/greenagritec.com\/wp-content\/uploads\/2025\/11\/image-6-1.png 1536w, https:\/\/greenagritec.com\/wp-content\/uploads\/2025\/11\/image-6-1-200x133.png 200w, https:\/\/greenagritec.com\/wp-content\/uploads\/2025\/11\/image-6-1-700x467.png 700w\" sizes=\"(max-width: 1536px) 100vw, 1536px\" \/>\t\t\t\t\t<\/div>\n\n\t\t\t\t\t\t<\/div>\n\t\t\t\t<\/div>\n\t\t\t\t\t<\/div>\n\t\t<\/div>\n\t\t\t\t\t<\/div>\n\t\t<\/section>\n\t\t\t\t<section class=\"elementor-section elementor-top-section elementor-element elementor-element-79005a0 wd-section-stretch_row_content elementor-section-content-middle elementor-section-height-min-height elementor-section-boxed elementor-section-height-default elementor-section-items-middle\" data-id=\"79005a0\" data-element_type=\"section\" data-e-type=\"section\" data-settings=\"{&quot;background_background&quot;:&quot;classic&quot;}\">\n\t\t\t\t\t\t\t<div class=\"elementor-background-overlay\"><\/div>\n\t\t\t\t\t\t\t<div class=\"elementor-container elementor-column-gap-default\">\n\t\t\t\t\t<div class=\"elementor-column elementor-col-100 elementor-top-column elementor-element elementor-element-139eb65\" data-id=\"139eb65\" data-element_type=\"column\" data-e-type=\"column\">\n\t\t\t<div class=\"elementor-widget-wrap elementor-element-populated\">\n\t\t\t\t\t\t<div class=\"elementor-element elementor-element-7b317ef wd_scroll_y_20 wd-parallax-on-scroll wd_scroll_smoothness_30 elementor-widget elementor-widget-wd_title\" data-id=\"7b317ef\" data-element_type=\"widget\" data-e-type=\"widget\" data-widget_type=\"wd_title.default\">\n\t\t\t\t<div class=\"elementor-widget-container\">\n\t\t\t\t\t\t\t<div class=\"title-wrapper set-mb-s reset-last-child wd-title-color-default wd-title-style-default wd-title-size-default text-left\">\n\n\t\t\t\n\t\t\t<div class=\"liner-continer\">\n\t\t\t\t<h4 class=\"woodmart-title-container title wd-fontsize-l\">\u00bfPor qu\u00e9 elegir? <i><strong>Green Agritec<\/strong><\/i><\/h4> \n\t\t\t\t\t\t\t<\/div>\n\n\t\t\t\t\t<\/div>\n\t\t\t\t\t\t<\/div>\n\t\t\t\t<\/div>\n\t\t\t\t<div class=\"elementor-element elementor-element-29f7c28 wd-parallax-on-scroll wd_scroll_y_20 wd_scroll_smoothness_30 elementor-widget elementor-widget-wd_text_block\" data-id=\"29f7c28\" data-element_type=\"widget\" data-e-type=\"widget\" data-widget_type=\"wd_text_block.default\">\n\t\t\t\t<div class=\"elementor-widget-container\">\n\t\t\t\t\t\t\t<div class=\"wd-text-block reset-last-child text-left color-scheme-light\">\n\t\t\t\n\t\t\t<p data-start=\"1556\" data-end=\"1586\">Seleccionamos cuidadosamente equipos que ofrecen un rendimiento real, desde herramientas agr\u00edcolas y equipos de jardiner\u00eda hasta maquinaria forestal y de limpieza. Cada producto se elige por su durabilidad, seguridad y valor a largo plazo.<br \/><br \/>Marcas de confianza y est\u00e1ndares profesionales. Nuestro cat\u00e1logo incluye m\u00e1quinas validadas por usuarios reales: agricultores, jardineros, contratistas y t\u00e9cnicos. Solo ofrecemos equipos que usar\u00edamos con total confianza.<br \/><br \/>Env\u00edos r\u00e1pidos dentro de la UE y con alcance global. Con stock en Europa y una red de socios en todo el mundo, garantizamos entregas r\u00e1pidas y seguras a clientes de toda Europa, \u00c1frica y m\u00e1s all\u00e1.<br \/><br \/>4. Repuestos y soporte posventa integrales: Suministramos todos los repuestos y componentes necesarios para las m\u00e1quinas que vendemos, garantizando un mantenimiento sencillo y una fiabilidad a largo plazo. Nuestro soporte no termina con la compra, sino que contin\u00faa durante todo el proceso. 5. Opciones flexibles: Equipos nuevos, usados y de alquiler: Ya sea particular, aut\u00f3nomo, agricultor o peque\u00f1o empresario, ofrecemos soluciones adaptadas a sus necesidades y presupuesto, incluyendo opciones de alquiler y equipos usados de alta calidad. 6. Atenci\u00f3n al cliente multiling\u00fce: Nuestro equipo habla ingl\u00e9s, franc\u00e9s y espa\u00f1ol, lo que facilita una comunicaci\u00f3n fluida y un asesoramiento personalizado, dondequiera que est\u00e9. 7. Su socio de confianza: m\u00e1s que una empresa: Green Agritec es sin\u00f3nimo de pasi\u00f3n, experiencia e integridad. Nos comprometemos a ofrecer asesoramiento honesto, herramientas fiables y a construir relaciones duraderas.<\/p>\n\t\t\t\t\t<\/div>\n\t\t\t\t\t\t<\/div>\n\t\t\t\t<\/div>\n\t\t\t\t\t<\/div>\n\t\t<\/div>\n\t\t\t\t\t<\/div>\n\t\t<\/section>\n\t\t\t\t<section class=\"elementor-section elementor-top-section elementor-element elementor-element-3b22dcf wd-section-stretch_row_content elementor-section-content-middle elementor-reverse-tablet elementor-reverse-mobile elementor-section-boxed elementor-section-height-default elementor-section-height-default\" data-id=\"3b22dcf\" data-element_type=\"section\" data-e-type=\"section\">\n\t\t\t\t\t\t<div class=\"elementor-container elementor-column-gap-default\">\n\t\t\t\t\t<div class=\"elementor-column elementor-col-50 elementor-top-column elementor-element elementor-element-4f07b83\" data-id=\"4f07b83\" data-element_type=\"column\" data-e-type=\"column\">\n\t\t\t<div class=\"elementor-widget-wrap elementor-element-populated\">\n\t\t\t\t\t\t<div class=\"elementor-element elementor-element-e201292 wd_scroll_y_20 wd-parallax-on-scroll wd_scroll_smoothness_30 elementor-widget elementor-widget-wd_title\" data-id=\"e201292\" data-element_type=\"widget\" data-e-type=\"widget\" data-widget_type=\"wd_title.default\">\n\t\t\t\t<div class=\"elementor-widget-container\">\n\t\t\t\t\t\t\t<div class=\"title-wrapper set-mb-s reset-last-child wd-title-color-default wd-title-style-default wd-title-size-default text-left\">\n\n\t\t\t\n\t\t\t<div class=\"liner-continer\">\n\t\t\t\t<h4 class=\"woodmart-title-container title wd-fontsize-l\">NUESTRO <i><strong>visi\u00f3n<\/strong><\/i><\/h4> \n\t\t\t\t\t\t\t<\/div>\n\n\t\t\t\t\t<\/div>\n\t\t\t\t\t\t<\/div>\n\t\t\t\t<\/div>\n\t\t\t\t<div class=\"elementor-element elementor-element-778307b wd-parallax-on-scroll wd_scroll_y_20 wd_scroll_smoothness_30 elementor-widget elementor-widget-wd_text_block\" data-id=\"778307b\" data-element_type=\"widget\" data-e-type=\"widget\" data-widget_type=\"wd_text_block.default\">\n\t\t\t\t<div class=\"elementor-widget-container\">\n\t\t\t\t\t\t\t<div class=\"wd-text-block reset-last-child text-left\">\n\t\t\t\n\t\t\t<p data-start=\"1827\" data-end=\"2001\">En Green Agritec, nuestra visi\u00f3n es hacer que la maquinaria moderna, confiable y sustentable sea accesible para todos, desde peque\u00f1os usuarios privados hasta agricultores y contratistas profesionales.<br \/><br \/>Estamos convencidos de que la innovaci\u00f3n y la tecnolog\u00eda deben empoderar a las personas, simplificar el trabajo diario y aumentar la productividad de forma responsable.<br \/><br \/>Nuestro objetivo es cerrar la brecha entre los equipos avanzados y las necesidades diarias del mundo real ofreciendo herramientas efectivas, seguras y duraderas.<br \/><br \/>Nuestro objetivo es convertirnos en un referente mundial de confianza para:<br \/><br \/>Soluciones agr\u00edcolas inteligentes<br \/>Equipos de alta calidad para agricultura y silvicultura al aire libre.<br \/>Herramientas confiables para limpieza y construcci\u00f3n<br \/>Opciones de alquiler y coches usados disponibles<br \/><br \/>Al combinar tecnolog\u00eda moderna, un servicio honesto y valores s\u00f3lidos, nos esforzamos por apoyar a las comunidades, proteger el medio ambiente y ayudar a cada cliente a lograr m\u00e1s con confianza. Nuestra visi\u00f3n es simple:<\/p><p data-start=\"1827\" data-end=\"2001\">\u2714\ufe0f Empoderando a las personas para que tengan \u00e9xito<\/p><p data-start=\"1827\" data-end=\"2001\">\u2714\ufe0f Apoyando el crecimiento sostenible<\/p><p data-start=\"1827\" data-end=\"2001\">\u2714\ufe0f Generando confianza duradera con cada m\u00e1quina entregada<\/p>\n\t\t\t\t\t<\/div>\n\t\t\t\t\t\t<\/div>\n\t\t\t\t<\/div>\n\t\t\t\t\t<\/div>\n\t\t<\/div>\n\t\t\t\t<div class=\"elementor-column elementor-col-50 elementor-top-column elementor-element elementor-element-834b222\" data-id=\"834b222\" data-element_type=\"column\" data-e-type=\"column\" data-settings=\"{&quot;background_background&quot;:&quot;classic&quot;}\">\n\t\t\t<div class=\"elementor-widget-wrap elementor-element-populated\">\n\t\t\t\t\t\t<div class=\"elementor-element elementor-element-8da44af wd-parallax-on-scroll wd_scroll_x_0 wd_scroll_y_-30 wd_scroll_z_0 wd_scroll_smoothness_30 elementor-widget elementor-widget-wd_image_or_svg\" data-id=\"8da44af\" data-element_type=\"widget\" data-e-type=\"widget\" data-widget_type=\"wd_image_or_svg.default\">\n\t\t\t\t<div class=\"elementor-widget-container\">\n\t\t\t\t\t\n\t\t<div class=\"wd-image text-left\">\n\t\t\t\t\t\t\t\t<img decoding=\"async\" width=\"1024\" height=\"1024\" src=\"https:\/\/greenagritec.com\/wp-content\/uploads\/2025\/11\/image-7.png\" class=\"attachment-full size-full wp-image-18573\" alt=\"\" srcset=\"https:\/\/greenagritec.com\/wp-content\/uploads\/2025\/11\/image-7.png 1024w, https:\/\/greenagritec.com\/wp-content\/uploads\/2025\/11\/image-7-430x430.png 430w, https:\/\/greenagritec.com\/wp-content\/uploads\/2025\/11\/image-7-200x200.png 200w, https:\/\/greenagritec.com\/wp-content\/uploads\/2025\/11\/image-7-700x700.png 700w\" sizes=\"(max-width: 1024px) 100vw, 1024px\" \/>\t\t\t\t\t<\/div>\n\n\t\t\t\t\t\t<\/div>\n\t\t\t\t<\/div>\n\t\t\t\t\t<\/div>\n\t\t<\/div>\n\t\t\t\t\t<\/div>\n\t\t<\/section>\n\t\t<div class=\"elementor-element elementor-element-70f1b27 e-flex e-con-boxed wd-section-disabled e-con e-parent\" data-id=\"70f1b27\" data-element_type=\"container\" data-e-type=\"container\">\n\t\t\t\t\t<div class=\"e-con-inner\">\n\t\t\t\t<div class=\"elementor-element elementor-element-42132e0 wd_scroll_y_20 wd-parallax-on-scroll wd_scroll_smoothness_30 elementor-widget elementor-widget-wd_title\" data-id=\"42132e0\" data-element_type=\"widget\" data-e-type=\"widget\" data-widget_type=\"wd_title.default\">\n\t\t\t\t<div class=\"elementor-widget-container\">\n\t\t\t\t\t\t\t<div class=\"title-wrapper set-mb-s reset-last-child wd-title-color-default wd-title-style-default wd-title-size-default text-center\">\n\n\t\t\t\n\t\t\t<div class=\"liner-continer\">\n\t\t\t\t<h4 class=\"woodmart-title-container title wd-fontsize-l\">Crezcamos juntos<\/h4> \n\t\t\t\t\t\t\t<\/div>\n\n\t\t\t\t\t<\/div>\n\t\t\t\t\t\t<\/div>\n\t\t\t\t<\/div>\n\t\t\t\t<div class=\"elementor-element elementor-element-16e87ca wd-parallax-on-scroll wd_scroll_y_20 wd_scroll_smoothness_30 elementor-widget elementor-widget-wd_text_block\" data-id=\"16e87ca\" data-element_type=\"widget\" data-e-type=\"widget\" data-widget_type=\"wd_text_block.default\">\n\t\t\t\t<div class=\"elementor-widget-container\">\n\t\t\t\t\t\t\t<div class=\"wd-text-block reset-last-child text-center\">\n\t\t\t\n\t\t\t<p data-start=\"2037\" data-end=\"2219\">Green Agritec no se trata solo de vender m\u00e1quinas: se trata de construir relaciones duraderas con nuestros clientes, permiti\u00e9ndoles crecer, mantener sus negocios e innovar con confianza.<\/p>\n\t\t\t\t\t<\/div>\n\t\t\t\t\t\t<\/div>\n\t\t\t\t<\/div>\n\t\t\t\t\t<\/div>\n\t\t\t\t<\/div>\n\t\t\t\t<\/div>","protected":false},"excerpt":{"rendered":"<p>A PROPOS DE GREEN AGRITEC Bienvenue chez Green Agritec \u2014 votre partenaire de confiance pour des \u00e9quipements agricoles et d&#8217;ext\u00e9rieur<\/p>","protected":false},"author":5,"featured_media":0,"parent":0,"menu_order":0,"comment_status":"closed","ping_status":"closed","template":"","meta":{"footnotes":""},"class_list":["post-4400","page","type-page","status-publish","hentry"],"_links":{"self":[{"href":"https:\/\/greenagritec.com\/es\/wp-json\/wp\/v2\/pages\/4400","targetHints":{"allow":["GET"]}}],"collection":[{"href":"https:\/\/greenagritec.com\/es\/wp-json\/wp\/v2\/pages"}],"about":[{"href":"https:\/\/greenagritec.com\/es\/wp-json\/wp\/v2\/types\/page"}],"author":[{"embeddable":true,"href":"https:\/\/greenagritec.com\/es\/wp-json\/wp\/v2\/users\/5"}],"replies":[{"embeddable":true,"href":"https:\/\/greenagritec.com\/es\/wp-json\/wp\/v2\/comments?post=4400"}],"version-history":[{"count":10,"href":"https:\/\/greenagritec.com\/es\/wp-json\/wp\/v2\/pages\/4400\/revisions"}],"predecessor-version":[{"id":38318,"href":"https:\/\/greenagritec.com\/es\/wp-json\/wp\/v2\/pages\/4400\/revisions\/38318"}],"wp:attachment":[{"href":"https:\/\/greenagritec.com\/es\/wp-json\/wp\/v2\/media?parent=4400"}],"curies":[{"name":"wp","href":"https:\/\/api.w.org\/{rel}","templated":true}]}}