{"id":38197,"date":"2026-02-20T15:45:39","date_gmt":"2026-02-20T15:45:39","guid":{"rendered":"https:\/\/greenagritec.com\/?page_id=38197"},"modified":"2026-02-20T15:45:41","modified_gmt":"2026-02-20T15:45:41","slug":"politique-de-remboursement-et-de-retour","status":"publish","type":"page","link":"https:\/\/greenagritec.com\/es\/politique-de-remboursement-et-de-retour\/","title":{"rendered":"Pol\u00edtica de reembolso y devoluci\u00f3n"},"content":{"rendered":"<h2 class=\"wp-block-heading\">Pol\u00edtica de reembolso y devoluci\u00f3n<\/h2>\n\n\n\n<p>En la casa de <strong>Green Agritec<\/strong>, La satisfacci\u00f3n del cliente es nuestra m\u00e1xima prioridad. Nos comprometemos a ofrecer productos de alta calidad y un servicio fiable en toda Europa. Lea atentamente nuestra pol\u00edtica de reembolsos y devoluciones para comprender sus derechos y nuestras obligaciones.<\/p>\n\n\n\n<hr class=\"wp-block-separator has-alpha-channel-opacity\"\/>\n\n\n\n<h3 class=\"wp-block-heading\">Elegibilidad para devoluciones<\/h3>\n\n\n\n<p>Puede solicitar una devoluci\u00f3n o un reembolso si el art\u00edculo recibido est\u00e1 defectuoso, da\u00f1ado o no se corresponde con su descripci\u00f3n. La solicitud debe realizarse en un plazo de [n\u00famero] minutos. <strong>14 d\u00edas<\/strong> despu\u00e9s de la entrega, y el producto debe estar sin usar, en su embalaje original y en condiciones de reventa.<\/p>\n\n\n\n<p>Lamentablemente, no podemos aceptar devoluciones de:<\/p>\n\n\n\n<ul class=\"wp-block-list\">\n<li>Art\u00edculos da\u00f1ados debido al mal uso por parte del cliente<\/li>\n\n\n\n<li>Productos marcados como no retornables (como art\u00edculos promocionales o personalizados)<\/li>\n\n\n\n<li>Art\u00edculos sensibles a la higiene que hayan sido abiertos<\/li>\n<\/ul>\n\n\n\n<hr class=\"wp-block-separator has-alpha-channel-opacity\"\/>\n\n\n\n<h3 class=\"wp-block-heading\">C\u00f3mo solicitar una devoluci\u00f3n<\/h3>\n\n\n\n<p>Para iniciar una devoluci\u00f3n, env\u00edenos un correo electr\u00f3nico a <strong><a>contact@greenagritec.com<\/a><\/strong> Al afirmar:<\/p>\n\n\n\n<ul class=\"wp-block-list\">\n<li>Su n\u00famero de pedido<\/li>\n\n\n\n<li>El motivo de la devoluci\u00f3n<\/li>\n\n\n\n<li>Fotos claras si el art\u00edculo est\u00e1 da\u00f1ado o es incorrecto.<\/li>\n<\/ul>\n\n\n\n<p>Por favor espere nuestra aprobaci\u00f3n e instrucciones antes de devolver el producto, ya que no se aceptar\u00e1n devoluciones sin autorizaci\u00f3n previa.<\/p>\n\n\n\n<hr class=\"wp-block-separator has-alpha-channel-opacity\"\/>\n\n\n\n<h3 class=\"wp-block-heading\">Gastos de env\u00edo de devoluci\u00f3n<\/h3>\n\n\n\n<p>Si el art\u00edculo es defectuoso o incorrecto, cubriremos los costos de env\u00edo de devoluci\u00f3n.<br>Si la devoluci\u00f3n se realiza por cambio de opini\u00f3n los gastos de env\u00edo de la devoluci\u00f3n corren a cargo del cliente.<\/p>\n\n\n\n<p>Recomendamos utilizar un servicio de env\u00edo con seguimiento, ya que no podemos garantizar la recepci\u00f3n del paquete sin confirmaci\u00f3n de seguimiento.<\/p>\n\n\n\n<hr class=\"wp-block-separator has-alpha-channel-opacity\"\/>\n\n\n\n<h3 class=\"wp-block-heading\">Reembolsos<\/h3>\n\n\n\n<p>Una vez que hayamos recibido e inspeccionado el art\u00edculo devuelto, le notificaremos por correo electr\u00f3nico.<br>Si se aprueba su solicitud, el reembolso se emitir\u00e1 a su m\u00e9todo de pago original dentro de un plazo determinado. <strong>5 a 10 d\u00edas h\u00e1biles<\/strong>.<\/p>\n\n\n\n<p>Los reembolsos cubren \u00fanicamente el precio del producto; los costos de env\u00edo no son reembolsables a menos que la devoluci\u00f3n se deba a un error de nuestra parte.<\/p>\n\n\n\n<hr class=\"wp-block-separator has-alpha-channel-opacity\"\/>\n\n\n\n<h3 class=\"wp-block-heading\">Intercambios<\/h3>\n\n\n\n<p>Si recibi\u00f3 un art\u00edculo defectuoso o incorrecto y desea un reemplazo en lugar de un reembolso, ind\u00edquelo en su correo electr\u00f3nico de solicitud de devoluci\u00f3n. Le enviaremos el art\u00edculo correcto sin costo adicional.<\/p>\n\n\n\n<hr class=\"wp-block-separator has-alpha-channel-opacity\"\/>\n\n\n\n<h3 class=\"wp-block-heading\">Reembolsos tard\u00edos o faltantes<\/h3>\n\n\n\n<p>Si a\u00fan no ha recibido su reembolso, primero verifique su cuenta bancaria o PayPal, luego comun\u00edquese con la compa\u00f1\u00eda de su tarjeta de cr\u00e9dito o su banco, ya que el procesamiento puede demorar alg\u00fan tiempo.<\/p>\n\n\n\n<p>Si el problema persiste, p\u00f3ngase en contacto con nosotros en <strong><a>contact@greenagritec.com<\/a><\/strong>.<\/p>\n\n\n\n<hr class=\"wp-block-separator has-alpha-channel-opacity\"\/>\n\n\n\n<h3 class=\"wp-block-heading\">Derechos de los consumidores europeos<\/h3>\n\n\n\n<p>Como empresa que presta servicios a clientes en toda la Uni\u00f3n Europea, respetamos plenamente los <strong>Directiva Europea sobre los Derechos de los Consumidores<\/strong>, que concede un plazo de desistimiento de <strong>14 d\u00edas<\/strong> a partir de la fecha de entrega para la mayor\u00eda de las compras.<\/p>\n\n\n\n<hr class=\"wp-block-separator has-alpha-channel-opacity\"\/>\n\n\n\n<h3 class=\"wp-block-heading\">Contacto<\/h3>\n\n\n\n<p>Para cualquier pregunta sobre un reembolso o devoluci\u00f3n, cont\u00e1ctenos por correo electr\u00f3nico a <strong><a>contact@greenagritec.com<\/a><\/strong>.<\/p>\n\n\n\n<p>Realizamos env\u00edos a toda Europa y tenemos nuestra sede en B\u00e9lgica.<\/p>","protected":false},"excerpt":{"rendered":"<p>Politique de remboursement et de retours Chez Green Agritec, la satisfaction de nos clients est notre priorit\u00e9 absolue. Nous nous<\/p>","protected":false},"author":15,"featured_media":0,"parent":0,"menu_order":0,"comment_status":"closed","ping_status":"closed","template":"","meta":{"footnotes":""},"class_list":["post-38197","page","type-page","status-publish","hentry"],"_links":{"self":[{"href":"https:\/\/greenagritec.com\/es\/wp-json\/wp\/v2\/pages\/38197","targetHints":{"allow":["GET"]}}],"collection":[{"href":"https:\/\/greenagritec.com\/es\/wp-json\/wp\/v2\/pages"}],"about":[{"href":"https:\/\/greenagritec.com\/es\/wp-json\/wp\/v2\/types\/page"}],"author":[{"embeddable":true,"href":"https:\/\/greenagritec.com\/es\/wp-json\/wp\/v2\/users\/15"}],"replies":[{"embeddable":true,"href":"https:\/\/greenagritec.com\/es\/wp-json\/wp\/v2\/comments?post=38197"}],"version-history":[{"count":1,"href":"https:\/\/greenagritec.com\/es\/wp-json\/wp\/v2\/pages\/38197\/revisions"}],"predecessor-version":[{"id":38199,"href":"https:\/\/greenagritec.com\/es\/wp-json\/wp\/v2\/pages\/38197\/revisions\/38199"}],"wp:attachment":[{"href":"https:\/\/greenagritec.com\/es\/wp-json\/wp\/v2\/media?parent=38197"}],"curies":[{"name":"wp","href":"https:\/\/api.w.org\/{rel}","templated":true}]}}