{"id":16697,"date":"2025-06-23T18:36:58","date_gmt":"2025-06-23T18:36:58","guid":{"rendered":"https:\/\/greenagritec.com\/?page_id=16697"},"modified":"2026-02-21T06:27:12","modified_gmt":"2026-02-21T06:27:12","slug":"conditions-de-livraison","status":"publish","type":"page","link":"https:\/\/greenagritec.com\/es\/conditions-de-livraison\/","title":{"rendered":"Condiciones de entrega"},"content":{"rendered":"<div data-elementor-type=\"wp-page\" data-elementor-id=\"16697\" class=\"elementor elementor-16697\">\n\t\t\t\t<div class=\"elementor-element elementor-element-1246acd e-flex e-con-boxed wd-section-disabled e-con e-parent\" data-id=\"1246acd\" data-element_type=\"container\" data-e-type=\"container\">\n\t\t\t\t\t<div class=\"e-con-inner\">\n\t\t\t\t<div class=\"elementor-element elementor-element-5e7ffd2 color-scheme-inherit text-left elementor-widget elementor-widget-text-editor\" data-id=\"5e7ffd2\" data-element_type=\"widget\" data-e-type=\"widget\" data-widget_type=\"text-editor.default\">\n\t\t\t\t\t\t\t\t\t<h5>Livraison rapide et fiable<\/h5><p>Chez Green Agritec, nous collaborons avec un r\u00e9seau de partenaires logistiques internationaux s\u00e9lectionn\u00e9s pour leur fiabilit\u00e9 et leur professionnalisme.<\/p><h5>Ceci nous permet de\u00a0:<\/h5><p>\u2013 Proposer des \u00e9quipements agricoles et industriels livr\u00e9s directement \u00e0 nos clients<\/p><p>\u2013 Couvrir des r\u00e9gions cl\u00e9s telles que l\u2019Afrique, l\u2019Europe et l\u2019Am\u00e9rique latine<\/p><p>\u2013 R\u00e9duire les d\u00e9lais de livraison et assurer un suivi personnalis\u00e9 de chaque commande<\/p><h5>D\u00e9lais de livraison estim\u00e9s\u00a0:<\/h5><p>\u2013 Europe\u00a0: 4 \u00e0 7 jours ouvr\u00e9s<\/p><p>\u2013 Afrique et Am\u00e9rique latine\u00a0: 7 \u00e0 14 jours ouvr\u00e9s (selon le produit et la destination)<\/p><p>Un lien de suivi est fourni pour chaque commande d\u00e8s son exp\u00e9dition.<\/p><h5><strong>Garantie et service client\u00a0:<\/strong><\/h5><p>\u2013 Toutes les commandes sont trait\u00e9es avec soin par des partenaires certifi\u00e9s<\/p><p>\u2013 Un service client r\u00e9actif est disponible pour toute question avant ou apr\u00e8s-vente<\/p><p>\u2013 Contactez-nous directement par e-mail ou WhatsApp<\/p>\t\t\t\t\t\t\t\t<\/div>\n\t\t\t\t\t<\/div>\n\t\t\t\t<\/div>\n\t\t\t\t<\/div>","protected":false},"excerpt":{"rendered":"<p>Livraison rapide et fiable Chez Green Agritec, nous collaborons avec un r\u00e9seau de partenaires logistiques internationaux s\u00e9lectionn\u00e9s pour leur fiabilit\u00e9<\/p>","protected":false},"author":5,"featured_media":0,"parent":0,"menu_order":0,"comment_status":"closed","ping_status":"closed","template":"elementor_theme","meta":{"footnotes":""},"class_list":["post-16697","page","type-page","status-publish","hentry"],"_links":{"self":[{"href":"https:\/\/greenagritec.com\/es\/wp-json\/wp\/v2\/pages\/16697","targetHints":{"allow":["GET"]}}],"collection":[{"href":"https:\/\/greenagritec.com\/es\/wp-json\/wp\/v2\/pages"}],"about":[{"href":"https:\/\/greenagritec.com\/es\/wp-json\/wp\/v2\/types\/page"}],"author":[{"embeddable":true,"href":"https:\/\/greenagritec.com\/es\/wp-json\/wp\/v2\/users\/5"}],"replies":[{"embeddable":true,"href":"https:\/\/greenagritec.com\/es\/wp-json\/wp\/v2\/comments?post=16697"}],"version-history":[{"count":4,"href":"https:\/\/greenagritec.com\/es\/wp-json\/wp\/v2\/pages\/16697\/revisions"}],"predecessor-version":[{"id":38258,"href":"https:\/\/greenagritec.com\/es\/wp-json\/wp\/v2\/pages\/16697\/revisions\/38258"}],"wp:attachment":[{"href":"https:\/\/greenagritec.com\/es\/wp-json\/wp\/v2\/media?parent=16697"}],"curies":[{"name":"wp","href":"https:\/\/api.w.org\/{rel}","templated":true}]}}